{"id":15,"date":"2023-04-03T18:23:50","date_gmt":"2023-04-03T16:23:50","guid":{"rendered":"https:\/\/consolatozurigo.esteri.it\/?page_id=15"},"modified":"2024-01-17T12:57:34","modified_gmt":"2024-01-17T11:57:34","slug":"italia-e-albania","status":"publish","type":"page","link":"https:\/\/consvalona.esteri.it\/it\/italia-e-albania\/","title":{"rendered":"Italia e Albania"},"content":{"rendered":"<p>Le relazioni bilaterali tra l\u2019Italia e l\u2019Albania sono da anni forti e intense. Favorite anche dalla prossimit\u00e0 geografica, esse poggiano su solide fondamenta storiche, culturali ed economiche. Per l\u2019Albania l\u2019Italia resta un interlocutore privilegiato: il nostro Paese \u00e8 sempre stato in prima linea nel sostenere la transizione dell\u2019Albania e il suo percorso europeo; \u00e8 stato il primo donatore bilaterale nell\u2019arco degli ultimi venti anni, \u00e8 il principale partner commerciale, un importante investitore ed ospita la pi\u00f9 fiorente comunit\u00e0 albanese all\u2019estero.<\/p>\n","protected":false},"excerpt":{"rendered":"Le relazioni bilaterali tra l\u2019Italia e l\u2019Albania sono da anni forti e intense. Favorite anche dalla prossimit\u00e0 geografica, esse poggiano su solide fondamenta storiche, culturali ed economiche. Per l\u2019Albania l\u2019Italia resta un interlocutore privilegiato: il nostro Paese \u00e8 sempre stato in prima linea nel sostenere la transizione dell\u2019Albania e il suo percorso europeo; \u00e8 stato [&hellip;]","protected":false},"author":1,"featured_media":0,"parent":0,"menu_order":4,"comment_status":"closed","ping_status":"closed","template":"","meta":{"footnotes":""},"class_list":["post-15","page","type-page","status-publish","hentry"],"_links":{"self":[{"href":"https:\/\/consvalona.esteri.it\/it\/wp-json\/wp\/v2\/pages\/15","targetHints":{"allow":["GET"]}}],"collection":[{"href":"https:\/\/consvalona.esteri.it\/it\/wp-json\/wp\/v2\/pages"}],"about":[{"href":"https:\/\/consvalona.esteri.it\/it\/wp-json\/wp\/v2\/types\/page"}],"author":[{"embeddable":true,"href":"https:\/\/consvalona.esteri.it\/it\/wp-json\/wp\/v2\/users\/1"}],"replies":[{"embeddable":true,"href":"https:\/\/consvalona.esteri.it\/it\/wp-json\/wp\/v2\/comments?post=15"}],"version-history":[{"count":3,"href":"https:\/\/consvalona.esteri.it\/it\/wp-json\/wp\/v2\/pages\/15\/revisions"}],"predecessor-version":[{"id":1099,"href":"https:\/\/consvalona.esteri.it\/it\/wp-json\/wp\/v2\/pages\/15\/revisions\/1099"}],"wp:attachment":[{"href":"https:\/\/consvalona.esteri.it\/it\/wp-json\/wp\/v2\/media?parent=15"}],"curies":[{"name":"wp","href":"https:\/\/api.w.org\/{rel}","templated":true}]}}