{"id":2029,"date":"2026-01-21T11:05:12","date_gmt":"2026-01-21T10:05:12","guid":{"rendered":"https:\/\/consvalona.esteri.it\/?page_id=2029"},"modified":"2026-01-21T12:54:45","modified_gmt":"2026-01-21T11:54:45","slug":"associazioni-italiane","status":"publish","type":"page","link":"https:\/\/consvalona.esteri.it\/it\/servizi-consolari-e-visti\/servizi-per-il-cittadino-italiano\/associazioni-italiane\/","title":{"rendered":"Associazioni italiane all&#8217;estero"},"content":{"rendered":"<p>In ragione del costante aumento della presenza di residenti italiani nella circoscrizione consolare, il Consolato Generale d\u2019Italia, su richiesta delle associazioni interessate e previa verifica dei requisiti per l\u2019iscrizione, raccoglie i dati delle associazioni italiane presenti nella circoscrizione consolare in un apposito elenco.<\/p>\n<p>Il Consolato Generale verifica la sola sussistenza dei requisiti per l&#8217;inserimento nell\u2019elenco e non risponde in alcun modo dell\u2019operato delle associazioni. <strong>Le rappresentanze diplomatico-consolari non sono in alcun modo responsabili delle attivit\u00e0 delle associazioni n\u00e9 della condotta dei suoi rappresentanti o soci. <\/strong><\/p>\n<p>L\u2019elenco viene aggiornato periodicamente ed in ogni caso l\u2019iscrizione e la permanenza non sono automatiche ma soggette a verifica dei requisiti.<\/p>\n<p><strong>REQUISITI PER L\u2019ISCRIZIONE<\/strong><\/p>\n<p>Atteso che <strong>le associazioni non possono essere autoreferenziali<\/strong> \u00e8 necessario che le stesse rispettino alcuni criteri relativi alla composizione (un numero adeguato di iscritti) ed alla effettiva operativit\u00e0.<\/p>\n<p>I soci che non risultino registrati AIRE nella circoscrizione consolare non sono tenuti in considerazione per il raggiungimento delle soglie di cui sopra.<\/p>\n<p>Le associazioni devono svolgere <strong>concrete, documentabili e rilevanti attivit\u00e0 <\/strong>che corrispondano, nel rispetto della legge, alle finalit\u00e0 principali previste dal proprio Statuto. Le finalit\u00e0, nel rispetto dell\u2019art. 18 della Costituzione della Repubblica Italiana, devono essere desumibili dallo Statuto e non contrarie alle leggi.<\/p>\n<p>Possono dunque richiedere l\u2019iscrizione le associazioni che soddisfino i seguenti requisiti:<\/p>\n<ul>\n<li>Abbiano sede nella circoscrizione consolare<\/li>\n<li>Svolgano attivit\u00e0 lecite e conformi alla legge<\/li>\n<li>Contino almeno 25 soci (cittadini italiani e iscritti all\u2019AIRE nella circoscrizione)<\/li>\n<li>Presentino regolare statuto e atto costitutivo<\/li>\n<li>Siano in grado di documentare le attivit\u00e0 svolte nell\u2019ultimo anno<\/li>\n<\/ul>\n<p>Al fine della verifica della rappresentativit\u00e0 e dell\u2019operativit\u00e0, <strong>le associazioni devono regolarmente informare per iscritto, una volta l\u2019anno, l\u2019Ufficio consolare delle attivit\u00e0 svolte nel corso dell\u2019anno fornendo evidenza delle attivit\u00e0 concrete e rilevanti, dei soci effettivamente iscritti, delle assemblee periodiche e della partecipazione dei soci, nonch\u00e9 delle variazioni nelle cariche sociali.<\/strong><\/p>\n<p><strong>L\u2019Associazione pu\u00f2 essere cancellata dal registro<\/strong> \u2013 oltre che quando il numero dei soci sia inferiore al numero minimo richiesto \u2013 per sopravvenuto scioglimento o per richiesta esplicita dei legali rappresentanti dell\u2019Associazione stessa. La presenza di un numero adeguato di soci deve essere verificabile e dimostrabile.\u00a0 Qualora le attivit\u00e0 dell\u2019Associazione risultino inesistenti o irrilevanti, anche tramite verifiche condotte dall\u2019Ufficio consolare, l\u2019Associazione non potr\u00e0 essere iscritta o, se gi\u00e0 iscritta, potr\u00e0, previa comunicazione, essere cancellata dal registro.<\/p>\n<p><strong>L\u2019iscrizione nell\u2019elenco non comporta alcuna forma di riconoscimento ufficiale da parte delle Rappresentanze diplomatico-consolari, n\u00e9 implica benefici, sostegno o coinvolgimento di alcun tipo da parte delle istituzioni diplomatico-consolari.\u00a0<\/strong><\/p>\n<p><strong>PER REGISTRARSI<\/strong><\/p>\n<p>Le associazioni che intendono essere inserite nell\u2019elenco dovranno inviarne richiesta utilizzando questo <a href=\"https:\/\/consvalona.esteri.it\/wp-content\/uploads\/2026\/01\/MODULO-RICHIESTA-DI-ISCRIZIONE-ASSOCIAZIONE_Valona.docx\">Modulo<\/a>, a firma del proprio rappresentante legale, all\u2019indirizzo: <a class=\"focus--mouse\" href=\"mailto:legalizzazione.valona@esteri.it\" data-focus-mouse=\"true\">legalizzazione.valona@esteri.it<\/a>, corredata della seguente documentazione:<\/p>\n<ol>\n<li>Atto di costituzione e statuto;<\/li>\n<li>Elenco dei rappresentanti legali e delle cariche sociali, specificando quali siano iscritti all\u2019AIRE come residenti nella circoscrizione;<\/li>\n<li>Elenco nominativo dei soci (evidenza iscrizione e versamento), specificando quali siano iscritti all\u2019AIRE come residenti nella circoscrizione;<\/li>\n<li>Evidenza assemblee ed elenco dei soci partecipanti;<\/li>\n<li>Evidenza dei soci effettivamente iscritti;<\/li>\n<li>Relazione sulle attivit\u00e0 svolte nell\u2019ultimo anno;<\/li>\n<li>Copia di un documento di identit\u00e0 del dichiarante.<\/li>\n<\/ol>\n","protected":false},"excerpt":{"rendered":"In ragione del costante aumento della presenza di residenti italiani nella circoscrizione consolare, il Consolato Generale d\u2019Italia, su richiesta delle associazioni interessate e previa verifica dei requisiti per l\u2019iscrizione, raccoglie i dati delle associazioni italiane presenti nella circoscrizione consolare in un apposito elenco. Il Consolato Generale verifica la sola sussistenza dei requisiti per l&#8217;inserimento nell\u2019elenco [&hellip;]","protected":false},"author":4,"featured_media":0,"parent":59,"menu_order":1,"comment_status":"closed","ping_status":"closed","template":"","meta":{"footnotes":""},"class_list":["post-2029","page","type-page","status-publish","hentry"],"_links":{"self":[{"href":"https:\/\/consvalona.esteri.it\/it\/wp-json\/wp\/v2\/pages\/2029","targetHints":{"allow":["GET"]}}],"collection":[{"href":"https:\/\/consvalona.esteri.it\/it\/wp-json\/wp\/v2\/pages"}],"about":[{"href":"https:\/\/consvalona.esteri.it\/it\/wp-json\/wp\/v2\/types\/page"}],"author":[{"embeddable":true,"href":"https:\/\/consvalona.esteri.it\/it\/wp-json\/wp\/v2\/users\/4"}],"replies":[{"embeddable":true,"href":"https:\/\/consvalona.esteri.it\/it\/wp-json\/wp\/v2\/comments?post=2029"}],"version-history":[{"count":6,"href":"https:\/\/consvalona.esteri.it\/it\/wp-json\/wp\/v2\/pages\/2029\/revisions"}],"predecessor-version":[{"id":2093,"href":"https:\/\/consvalona.esteri.it\/it\/wp-json\/wp\/v2\/pages\/2029\/revisions\/2093"}],"up":[{"embeddable":true,"href":"https:\/\/consvalona.esteri.it\/it\/wp-json\/wp\/v2\/pages\/59"}],"wp:attachment":[{"href":"https:\/\/consvalona.esteri.it\/it\/wp-json\/wp\/v2\/media?parent=2029"}],"curies":[{"name":"wp","href":"https:\/\/api.w.org\/{rel}","templated":true}]}}