{"id":2127,"date":"2026-02-04T13:09:14","date_gmt":"2026-02-04T12:09:14","guid":{"rendered":"https:\/\/consvalona.esteri.it\/?page_id=2127"},"modified":"2026-02-04T13:09:14","modified_gmt":"2026-02-04T12:09:14","slug":"riacquisto-della-cittadinanza","status":"publish","type":"page","link":"https:\/\/consvalona.esteri.it\/it\/servizi-consolari-e-visti\/servizi-per-il-cittadino-straniero\/cittadinanza\/riacquisto-della-cittadinanza\/","title":{"rendered":"Riacquisto della cittadinanza"},"content":{"rendered":"<p>La legge n. 74 del 23 maggio 2025 ha riaperto i termini per il riacquisto della cittadinanza a favore di ex cittadini <strong>nati in Italia o che sono stati residenti in Italia per almeno due anni continuativi e che abbiano perso la cittadinanza non oltre il 15 agosto 1992 <\/strong>in applicazione dell\u2019articolo 8, n. 1 e n. 2, o dell\u2019articolo 12 della legge n. 555 del 1912 (naturalizzazione in Paese straniero, rinuncia alla cittadinanza a seguito di involontario acquisto di cittadinanza straniera, figli minori conviventi di genitore che ha perso la cittadinanza). La possibilit\u00e0 di riacquisto <strong>non si applica a coloro che hanno rinunciato alla cittadinanza italiana <\/strong>(o che l\u2019hanno persa per altro motivo) <strong>a partire dal 16 agosto 1992.<\/strong><\/p>\n<p>Le dichiarazioni di riacquisto potranno essere presentate <strong>tra il 1 luglio 2025 e il 31 dicembre 2027.<\/strong><\/p>\n<p>L\u2019interessato al riacquisto deve presentare:<\/p>\n<ol>\n<li>Valido documento di identit\u00e0 emesso dall\u2019Autorit\u00e0 del Paese di attuale cittadinanza;<\/li>\n<li>Certificato di nascita: se nato all\u2019estero, dovr\u00e0 essere presentato nelle forme previste per la trascrizione in Italia, legalizzato e tradotto;<\/li>\n<li>Per i nati all\u2019estero, certificato storico di residenza rilasciato dal Comune italiano competente;<\/li>\n<li>Certificato storico di cittadinanza;<\/li>\n<li>Documentazione che dimostri la causa e la data della perdita della cittadinanza (si dovr\u00e0 dimostrare l\u2019acquisto della cittadinanza straniera e, nei casi previsti, la rinuncia a quella italiana: certificato di naturalizzazione oppure, se previsto dalla prassi locale, certificato di nascita corredato della certificazione di cittadinanza e del titolo al quale essa \u00e8 acquisita; la documentazione emessa da Autorit\u00e0 straniere dovr\u00e0 essere opportunamente legalizzata e tradotta).<\/li>\n<\/ol>\n<p>&nbsp;<\/p>\n<p>Per le dichiarazioni di riacquisto della cittadinanza italiana \u00e8 richiesto un contributo di \u20ac250, versato presso l\u2019Ufficio consolare.<\/p>\n<p>La dichiarazione deve essere resa dall\u2019interessato <u>personalmente<\/u>.<\/p>\n<p>In base all\u2019articolo 15 della legge n. 91\/1992, l\u2019interessato non riacquista la cittadinanza dal giorno della nascita, ma dal giorno successivo in cui si rende la dichiarazione.<\/p>\n<p>NB. Qui trovate le indicazioni relative alle <a href=\"https:\/\/consvalona.esteri.it\/it\/servizi-consolari-e-visti\/servizi-per-il-cittadino-italiano\/traduzione-e-legalizzazione-dei-documenti-2\/\">traduzioni e legalizzazioni degli atti rilasciati dalle Autorit\u00e0 albanesi in Albania<\/a><\/p>\n","protected":false},"excerpt":{"rendered":"La legge n. 74 del 23 maggio 2025 ha riaperto i termini per il riacquisto della cittadinanza a favore di ex cittadini nati in Italia o che sono stati residenti in Italia per almeno due anni continuativi e che abbiano perso la cittadinanza non oltre il 15 agosto 1992 in applicazione dell\u2019articolo 8, n. 1 [&hellip;]","protected":false},"author":4,"featured_media":0,"parent":96,"menu_order":3,"comment_status":"closed","ping_status":"closed","template":"","meta":{"footnotes":""},"class_list":["post-2127","page","type-page","status-publish","hentry"],"_links":{"self":[{"href":"https:\/\/consvalona.esteri.it\/it\/wp-json\/wp\/v2\/pages\/2127","targetHints":{"allow":["GET"]}}],"collection":[{"href":"https:\/\/consvalona.esteri.it\/it\/wp-json\/wp\/v2\/pages"}],"about":[{"href":"https:\/\/consvalona.esteri.it\/it\/wp-json\/wp\/v2\/types\/page"}],"author":[{"embeddable":true,"href":"https:\/\/consvalona.esteri.it\/it\/wp-json\/wp\/v2\/users\/4"}],"replies":[{"embeddable":true,"href":"https:\/\/consvalona.esteri.it\/it\/wp-json\/wp\/v2\/comments?post=2127"}],"version-history":[{"count":1,"href":"https:\/\/consvalona.esteri.it\/it\/wp-json\/wp\/v2\/pages\/2127\/revisions"}],"predecessor-version":[{"id":2128,"href":"https:\/\/consvalona.esteri.it\/it\/wp-json\/wp\/v2\/pages\/2127\/revisions\/2128"}],"up":[{"embeddable":true,"href":"https:\/\/consvalona.esteri.it\/it\/wp-json\/wp\/v2\/pages\/96"}],"wp:attachment":[{"href":"https:\/\/consvalona.esteri.it\/it\/wp-json\/wp\/v2\/media?parent=2127"}],"curies":[{"name":"wp","href":"https:\/\/api.w.org\/{rel}","templated":true}]}}