{"id":337,"date":"2023-07-13T16:57:51","date_gmt":"2023-07-13T14:57:51","guid":{"rendered":"https:\/\/consvalona.esteri.it\/?page_id=337"},"modified":"2023-08-24T15:09:17","modified_gmt":"2023-08-24T13:09:17","slug":"informazioni-generali-passaporti","status":"publish","type":"page","link":"https:\/\/consvalona.esteri.it\/it\/servizi-consolari-e-visti\/servizi-per-il-cittadino-italiano\/passaporti-e-carte-didentita\/informazioni-generali-passaporti\/","title":{"rendered":"Passaporti"},"content":{"rendered":"<p><strong>PASSAPORTI<\/strong><\/p>\n<p>Il passaporto \u00e8 un documento di viaggio e di riconoscimento. Il suo rilascio\/estensione \u00e8 di competenza dell\u2019Ufficio Passaporti della Circoscrizione Consolare in cui il cittadino italiano \u00e8 residente. Ancorch\u00e9 per risiedere e viaggiare nei Paesi dell&#8217;Unione Europea sia sufficiente la carta d&#8217;identit\u00e0 valida per l&#8217;espatrio, \u00e8 tuttavia sempre consigliabile avere un passaporto, oltre a una carta d&#8217;identit\u00e0 valida.<\/p>\n<p>Per il rilascio del passaporto occorre presentarsi all\u2019Ufficio Passaporti della Circoscrizione Consolare in cui il cittadino \u00e8 residente, previa prenotazione di appuntamento tramite l\u2019applicativo <a href=\"https:\/\/prenotami.esteri.it\/\">PRENOT@MI<\/a>, con la seguente documentazione:<\/p>\n<p>\u2022 documento di riconoscimento;<br \/>\n\u2022 due fotografie recenti (uguali e recenti formato ICAO).<\/p>\n<p>N.B. Perch\u00e9 un italiano residente all\u2019estero ottenga il passaporto, \u00e8 necessario che sia iscritto all\u2019A.I.R.E. di un Comune italiano. Ove sia residente in Italia o in altra circoscrizione, il cittadino italiano pu\u00f2, in caso di comprovata necessit\u00e0 e urgenza, richiedere il rilascio del passaporto presso una circoscrizione consolare in cui non \u00e8 residente; in tal caso, per\u00f2, occorre che la Questura o il Consolato Italiano competente per il territorio di residenza rilasci &#8220;NULLA OSTA&#8221; e \u201cDELEGA\u201d.<\/p>\n<p><strong>VALIDIT\u00c0 DEI PASSAPORTI<\/strong><\/p>\n<p>I passaporti hanno una validit\u00e0 di dieci anni (e non pi\u00f9 di cinque) e non potranno essere rinnovati alla scadenza.<\/p>\n<p><strong>RILASCIO PASSAPORTI A CITTADINI MAGGIORENNI<\/strong><\/p>\n<p>Per il rilascio del passaporto occorre presentarsi all\u2019Ufficio Passaporti della Circoscrizione Consolare in cui il cittadino \u00e8 residente, previa prenotazione dell\u2019appuntamento, con la seguente documentazione:<\/p>\n<p>\u2022 passaporto di cui si sia attualmente in possesso;<br \/>\n\u2022 due fotografie (uguali e recenti, in formato ICAO).<\/p>\n<p>&nbsp;<\/p>\n<p><strong>NOVIT\u00c0 IMPORTANTE:<\/strong><\/p>\n<p>A partire dal 14 giugno 2023 i connazionali, genitori di figli minori, non sono pi\u00f9 tenuti a presentare l\u2019atto di assenso dell\u2019altro genitore ai fini del rilascio del proprio documento di viaggio (passaporto e CIE), ai sensi del D.L. 69\/2023.<\/p>\n<p>Nel contempo, l\u2019articolo 3-bis della L. 1185\/1967, introdotto dal D.L. 69, prevede che, quando vi sia concreto e attuale pericolo che &#8211; a causa del trasferimento all&#8217;estero \u2013 l\u2019altro genitore possa sottrarsi all&#8217;adempimento dei suoi obblighi verso i figli, sar\u00e0 possibile richiedere una inibitoria al rilascio del documento di viaggio.<\/p>\n<p>Il ricorso potr\u00e0 essere presentato al Tribunale ordinario in cui il minore ha la residenza abituale ovvero, se il minore \u00e8 residente all\u2019estero, il Tribunale nel cui circondario si trova il suo Comune di iscrizione AIRE.<\/p>\n<p>Ai fini del rilascio dei documenti per i minori, invece, resta l\u2019obbligo dell\u2019assenso firmato da entrambi i genitori o da chi esercita la responsabilit\u00e0 genitoriale.<\/p>\n<p><strong>RILASCIO PASSAPORTI PER MINORENNI<\/strong><\/p>\n<p>Dal novembre 2009 i figli minorenni non possono pi\u00f9 essere iscritti sui passaporti dei genitori. Anche i minorenni devono, pertanto, essere muniti di passaporto individuale. Per ottenere il rilascio del passaporto per un figlio minorenne, occorre presentare il formulario di richiesta sottoscritto da entrambi i genitori e due fotografie del minore.<\/p>\n<p>N.B. Se il minore \u00e8 nato all&#8217;estero, perch\u00e9 ottenga il passaporto \u00e8 necessario il suo atto di nascita, su formulario plurilingue od eventualmente tradotto in italiano e munito di Apostille.<\/p>\n<p>Nel caso in cui uno dei genitori si rifiuti di firmare l\u2019atto di assenso per il rilascio del passaporto al figlio minorenne, l\u2019ufficio consolare appurer\u00e0 i motivi del mancato assenso. Qualora tali motivazioni non risultino adeguate, l\u2019autorit\u00e0 consolare, con apposito decreto, pu\u00f2 autorizzare d&#8217;ufficio il rilascio del passaporto.<\/p>\n<p>Attenzione: le disposizioni prevedono che i minori di 14 anni che viaggiano non accompagnati da uno dei genitori o da chi ne fa le veci siano muniti di una dichiarazione che riporti il nome della persona, dell&#8217;ente o della compagnia di trasporto cui il minore \u00e8 affidato, rilasciata da chi pu\u00f2 dare l&#8217;assenso, convalidata dalla Questura o dall\u2019Autorit\u00e0 consolare.<\/p>\n<p>&nbsp;<\/p>\n<p><strong>FURTO O SMARRIMENTO DEL PASSAPORTO &#8211; RESIDENTI NELLA CIRCOSCRIZIONE CONSOLARE<\/strong><br \/>\nPer ottenere il rilascio di un nuovo passaporto a seguito di furto o smarrimento del proprio documento, occorre che il cittadino si presenti all\u2019Ufficio Passaporti del Consolato generale, oltre che con la consueta documentazione, anche con la denuncia di furto o smarrimento del passaporto effettuata presso la locale competente Autorit\u00e0 di Polizia.<\/p>\n<p><strong>FURTO O SMARRIMENTO DEL PASSAPORTO &#8211; NON RESIDENTI NELLA CIRCOSCRIZIONE CONSOLARE<\/strong><\/p>\n<p>Qualora il cittadino italiano (di passaggio in questa circoscrizione consolare) perda o venga derubato del proprio passaporto, l\u2019ufficio consolare rilascer\u00e0 (all\u2019esito dei dovuti accertamenti) un documento denominato <a href=\"https:\/\/consvalona.esteri.it\/consolato_valona\/it\/i_servizi\/per_i_cittadini\/passaporti\/etd-documento-di-viaggio-provvisorio.html\">ETD<\/a> (European Travel Document), con validit\u00e0 per il solo viaggio di rientro in Italia. Per ottenerlo, bisogna presentarsi in Consolato (dal luned\u00ec al venerd\u00ec, dalle 9:00 alle 12:00) con la seguente documentazione:<\/p>\n<p>\u2022 denuncia di furto o smarrimento del documento di viaggio (passaporto o carta di identit\u00e0) resa alle locali Autorit\u00e0 di Polizia;<br \/>\n\u2022 2 fotografie (uguali e recenti in formato 35&#215;40 mm).<\/p>\n<p>&nbsp;<\/p>\n<p><strong>CONTATTI<\/strong><\/p>\n<p>Per contattare l\u2019ufficio passaporti del Consolato Generale di Valona scrivere all\u2019indirizzo di posta elettronica: <a href=\"mailto:legalizzazione.valona@esteri.it\">legalizzazione.valona@esteri.it<\/a><\/p>\n<p>Per maggiori informazioni:<br \/>\n<a href=\"https:\/\/www.esteri.it\/it\/servizi-consolari-e-visti\/italiani-all-estero\/documenti_di_viaggio\/passaporto\/\">https:\/\/www.esteri.it\/it\/servizi-consolari-e-visti\/italiani-all-estero\/documenti_di_viaggio\/passaporto\/<\/a><\/p>\n<p>&nbsp;<\/p>\n","protected":false},"excerpt":{"rendered":"PASSAPORTI Il passaporto \u00e8 un documento di viaggio e di riconoscimento. Il suo rilascio\/estensione \u00e8 di competenza dell\u2019Ufficio Passaporti della Circoscrizione Consolare in cui il cittadino italiano \u00e8 residente. Ancorch\u00e9 per risiedere e viaggiare nei Paesi dell&#8217;Unione Europea sia sufficiente la carta d&#8217;identit\u00e0 valida per l&#8217;espatrio, \u00e8 tuttavia sempre consigliabile avere un passaporto, oltre a [&hellip;]","protected":false},"author":4,"featured_media":0,"parent":67,"menu_order":8,"comment_status":"closed","ping_status":"closed","template":"","meta":{"footnotes":""},"class_list":["post-337","page","type-page","status-publish","hentry"],"_links":{"self":[{"href":"https:\/\/consvalona.esteri.it\/it\/wp-json\/wp\/v2\/pages\/337","targetHints":{"allow":["GET"]}}],"collection":[{"href":"https:\/\/consvalona.esteri.it\/it\/wp-json\/wp\/v2\/pages"}],"about":[{"href":"https:\/\/consvalona.esteri.it\/it\/wp-json\/wp\/v2\/types\/page"}],"author":[{"embeddable":true,"href":"https:\/\/consvalona.esteri.it\/it\/wp-json\/wp\/v2\/users\/4"}],"replies":[{"embeddable":true,"href":"https:\/\/consvalona.esteri.it\/it\/wp-json\/wp\/v2\/comments?post=337"}],"version-history":[{"count":10,"href":"https:\/\/consvalona.esteri.it\/it\/wp-json\/wp\/v2\/pages\/337\/revisions"}],"predecessor-version":[{"id":354,"href":"https:\/\/consvalona.esteri.it\/it\/wp-json\/wp\/v2\/pages\/337\/revisions\/354"}],"up":[{"embeddable":true,"href":"https:\/\/consvalona.esteri.it\/it\/wp-json\/wp\/v2\/pages\/67"}],"wp:attachment":[{"href":"https:\/\/consvalona.esteri.it\/it\/wp-json\/wp\/v2\/media?parent=337"}],"curies":[{"name":"wp","href":"https:\/\/api.w.org\/{rel}","templated":true}]}}