{"id":35,"date":"2023-04-03T19:15:30","date_gmt":"2023-04-03T17:15:30","guid":{"rendered":"https:\/\/consolatozurigo.esteri.it\/?page_id=35"},"modified":"2023-10-19T17:21:26","modified_gmt":"2023-10-19T15:21:26","slug":"la-sede","status":"publish","type":"page","link":"https:\/\/consvalona.esteri.it\/it\/chi-siamo\/la-sede\/","title":{"rendered":"La Sede"},"content":{"rendered":"<p>La Sede del Consolato Generale d\u2019Italia a Valona dal 2016 si trova sul Lungomare di Valona, nuovo centro economico e culturale della citt\u00e0. L\u2019immobile si sviluppa su nove piani e la Sede si estende all\u2019ottavo e al nono piano con l\u2019ingresso riservato e l\u2019ascensore panoramico dedicato. La Sede \u00e8 dotata di ampi spazi espositivi, sala conferenze e sala pubblico, tutte esposte sul meraviglioso panorama del Golfo di Valona.<\/p>\n<p><strong>Indirizzo<\/strong>: L. 10 Korriku, Rr. Murat T\u00ebrba\u00e7i, Valona (Albania)<\/p>\n<p><strong>Tel<\/strong>: +355 (0) 33 225705\/7<\/p>\n<p><strong>E-mail Segreteria<\/strong>: consolato.valona@esteri.it<\/p>\n<p><strong>E-mail Ufficio Visti<\/strong>: visti.convalo@esteri.it<\/p>\n<p><strong>E-mail Ufficio Consolare<\/strong>: legalizzazione.valona@esteri.it<\/p>\n<p><strong>PEC<\/strong>: con.valona@cert.esteri.it<\/p>\n<p>&nbsp;<\/p>\n<p><strong>Numero d&#8217;emergenza connazionali: +355 682027064<\/strong><\/p>\n<p><strong>(Dedicato esclusivamente a cittadini italiani solo per situazioni di comprovata emergenza. L<\/strong><strong>e chiamate per pratiche consolari ordinarie \u2013 passaporti, visti, etc. \u2013 NON verranno prese in considerazione)<\/strong><\/p>\n<p>&nbsp;<\/p>\n<p><strong>Orario di apertura al pubblico<\/strong>: <span style=\"text-decoration: underline;\"><em>dal luned\u00ec al venerd\u00ec, dalle 09.00 alle 12.00.<\/em><\/span><\/p>\n<p><strong>Circoscrizione territoriale<\/strong>: i distretti di <em>Berat, Delvin\u00eb, Fier, Gjirokast\u00ebr, Ku\u00e7ov\u00eb, Lushnj\u00eb, Mallakast\u00ebr, P\u00ebrmet, Sarand\u00eb, Skrapar, Tepelen\u00eb, Vlor\u00eb.<\/em><\/p>\n<p>&nbsp;<\/p>\n","protected":false},"excerpt":{"rendered":"La Sede del Consolato Generale d\u2019Italia a Valona dal 2016 si trova sul Lungomare di Valona, nuovo centro economico e culturale della citt\u00e0. L\u2019immobile si sviluppa su nove piani e la Sede si estende all\u2019ottavo e al nono piano con l\u2019ingresso riservato e l\u2019ascensore panoramico dedicato. La Sede \u00e8 dotata di ampi spazi espositivi, sala [&hellip;]","protected":false},"author":1,"featured_media":0,"parent":13,"menu_order":2,"comment_status":"closed","ping_status":"closed","template":"","meta":{"footnotes":""},"class_list":["post-35","page","type-page","status-publish","hentry"],"_links":{"self":[{"href":"https:\/\/consvalona.esteri.it\/it\/wp-json\/wp\/v2\/pages\/35","targetHints":{"allow":["GET"]}}],"collection":[{"href":"https:\/\/consvalona.esteri.it\/it\/wp-json\/wp\/v2\/pages"}],"about":[{"href":"https:\/\/consvalona.esteri.it\/it\/wp-json\/wp\/v2\/types\/page"}],"author":[{"embeddable":true,"href":"https:\/\/consvalona.esteri.it\/it\/wp-json\/wp\/v2\/users\/1"}],"replies":[{"embeddable":true,"href":"https:\/\/consvalona.esteri.it\/it\/wp-json\/wp\/v2\/comments?post=35"}],"version-history":[{"count":6,"href":"https:\/\/consvalona.esteri.it\/it\/wp-json\/wp\/v2\/pages\/35\/revisions"}],"predecessor-version":[{"id":485,"href":"https:\/\/consvalona.esteri.it\/it\/wp-json\/wp\/v2\/pages\/35\/revisions\/485"}],"up":[{"embeddable":true,"href":"https:\/\/consvalona.esteri.it\/it\/wp-json\/wp\/v2\/pages\/13"}],"wp:attachment":[{"href":"https:\/\/consvalona.esteri.it\/it\/wp-json\/wp\/v2\/media?parent=35"}],"curies":[{"name":"wp","href":"https:\/\/api.w.org\/{rel}","templated":true}]}}