{"id":352,"date":"2023-08-24T15:08:44","date_gmt":"2023-08-24T13:08:44","guid":{"rendered":"https:\/\/consvalona.esteri.it\/?page_id=352"},"modified":"2023-10-19T09:31:18","modified_gmt":"2023-10-19T07:31:18","slug":"carta-identita-elettronica-c-i-e","status":"publish","type":"page","link":"https:\/\/consvalona.esteri.it\/it\/servizi-consolari-e-visti\/servizi-per-il-cittadino-italiano\/passaporti-e-carte-didentita\/carta-identita-elettronica-c-i-e\/","title":{"rendered":"Carta Identit\u00e0 Elettronica (C.I.E.)"},"content":{"rendered":"<p><strong>CARTA IDENTIT\u00c0 ELETTRONICA (C.I.E)<\/strong><\/p>\n<p>La nuova Carta di identit\u00e0 Elettronica (CIE) \u00e8 un documento multifunzionale: attesta l\u2019identit\u00e0 del cittadino, \u00e8 un documento di viaggio, riporta il codice fiscale e si pu\u00f2 utilizzare per richiedere un\u2019identit\u00e0 sul sistema SPID (Sistema Pubblico di Identit\u00e0 Digitale) con cui accedere ai Servizi erogati dalle Pubbliche Amministrazioni Italiane.<\/p>\n<p>La nuova Carta di identit\u00e0 elettronica si pu\u00f2 richiedere previo appuntamento tramite la piattaforma <a href=\"https:\/\/prenotami.esteri.it\/\">PRENOT@MI<\/a>.<\/p>\n<p>La CIE potr\u00e0 essere rilasciata esclusivamente ai cittadini Italiani regolarmente residenti nella circoscrizione consolare, che siano gi\u00e0 registrati nello schedario consolare e i cui dati anagrafici siano gi\u00e0 presenti nella banca dati A.I.R.E (Anagrafe degli Italiani Residenti all\u2019Estero).<\/p>\n<p>La CIE non \u00e8 rilasciata a vista il giorno dell\u2019appuntamento, ma viene prodotta dall\u2019Istituto Poligrafico e Zecca dello Stato di Roma e successivamente spedita, a mezzo posta, presso l\u2019indirizzo di residenza (o recapito) dichiarato dal richiedente.<\/p>\n<p><strong>REQUISITI OBBLIGATORI PER RICHIEDERE LA CIE<\/strong><\/p>\n<p>Ai fini dell\u2019emissione della CIE \u00e8 indispensabile che il richiedente:<\/p>\n<p>\u2022 sia iscritto all\u2019AIRE e il suo nominativo inserito nell\u2019apposito applicativo da parte del comune italiano di riferimento;<br \/>\n\u2022 abbia l\u2019atto di nascita trascritto in Italia, in quanto gli estremi della trascrizione devono essere riportati sulla CIE;<br \/>\n\u2022 abbia il Codice Fiscale validato da parte dell\u2019Agenzia delle Entrate e del comune italiano di riferimento. Per chi non \u00e8 in possesso del Codice fiscale sar\u00e0 cura di questo Consolato Generale richiederlo d&#8217;ufficio;<br \/>\n\u2022 abbia aggiornato la sua posizione negli schedari consolari nel caso di cambio d\u2019indirizzo, variazione dello stato civile o nascita di figli. In questo casi si dovr\u00e0 prendere contatto con i servizi competenti (aire o stato civile) prima di richiedere un appuntamento per la carta d\u2019identit\u00e0.<\/p>\n<p><strong>VALIDIT\u00c0 DELLA CARTA D\u2019IDENTIT\u00c0 ELETTRONICA<\/strong><\/p>\n<p>La validit\u00e0 della CIE varia a seconda all\u2019et\u00e0 del titolare:<\/p>\n<p>&#8211; 3 anni per minori di et\u00e0 inferiore a 3 anni;<br \/>\n&#8211; 5 anni per i minori di et\u00e0 compresa tra i 3 e i 18 anni;<br \/>\n&#8211; 10 anni per i maggiorenni.<\/p>\n<p><strong>MODALIT\u00c0 DI RICHIESTA<\/strong><\/p>\n<p>Per richiedere il rilascio della carta d&#8217;identit\u00e0 elettronica \u00e8 necessario prenotare un appuntamento utilizzando la piattaforma <a href=\"https:\/\/prenotami.esteri.it\/\">PRENOT@MI<\/a><\/p>\n<p><strong>Dal momento della richiesta alla data dell\u2019appuntamento trascorrono almeno quindici giorni<\/strong>, necessari per consentire all\u2019ufficio consolare di effettuare il controllo dei dati anagrafici, risolvere eventuali disallineamenti tra i dati presenti nello schedario consolare e quelli presenti nello schedario del Comune italiano, e verificare che non sussistano cause ostative al rilascio del documento.<\/p>\n<p><strong>ATTENZIONE: Nel caso in cui, a seguito delle verifiche, emergessero elementi che impedissero (temporaneamente o meno) il rilascio della CIE, il connazionale sar\u00e0 contattato dalla Sede consolare per la cancellazione dell\u2019appuntamento.<\/strong><\/p>\n<p><strong>La presenza del richiedente e\/o del titolare della carta richiesta \u00e8 obbligatoria.<\/strong><\/p>\n<p>In caso di richiesta per minore che non abbia altri documenti \u00e8 necessaria la presenza di entrambi i genitori.<\/p>\n<p><strong>DOCUMENTAZIONE RICHIESTA PER LA C.I.E<\/strong><\/p>\n<p>&#8211; Una fototessera recente a colori;<br \/>\n&#8211; Precedente carta di identit\u00e0 (anche se scaduta) + copia;<br \/>\no, in alternativa,<br \/>\n&#8211; Passaporto (anche se scaduto) + copia;<br \/>\n&#8211; Atto di assenso di entrambi genitori nel caso in cui il richiedente sia un minore di 18 anni + copia del documento dei firmatari;<br \/>\n&#8211; permesso di soggiorno o un giustificativo dell\u2019effettivo domicilio nella Circoscrizione;<br \/>\n&#8211; Codice fiscale, se gi\u00e0 in possesso del richiedente.<\/p>\n<p>Il costo della CIE \u00e8 di:<\/p>\n<p>\u2022 euro 21,95 in caso di primo rilascio CIE o rinnovo;<br \/>\n\u2022 euro 27,11 in caso di duplicato per furto, smarrimento o deterioramento di carta d&#8217;identit\u00e0 ancora in corso di validit\u00e0.<\/p>\n<p><strong>CONSEGNA DELLA CARTA D\u2019IDENTIT\u00c0 ELETTRONICA<\/strong><\/p>\n<p>La CIE viene prodotta dall\u2019Istituto Poligrafico e Zecca dello Stato e successivamente spedita, a mezzo posta, presso l\u2019indirizzo di residenza (o recapito) dichiarato dal richiedente. In caso di mancata consegna per indirizzo errato, \u00e8 prevista una giacenza di 15 giorni presso l\u2019ufficio postale locale. Al termine di questo periodo il plico viene restituito al Consolato Generale per ulteriori tentativi di consegna.<\/p>\n","protected":false},"excerpt":{"rendered":"CARTA IDENTIT\u00c0 ELETTRONICA (C.I.E) La nuova Carta di identit\u00e0 Elettronica (CIE) \u00e8 un documento multifunzionale: attesta l\u2019identit\u00e0 del cittadino, \u00e8 un documento di viaggio, riporta il codice fiscale e si pu\u00f2 utilizzare per richiedere un\u2019identit\u00e0 sul sistema SPID (Sistema Pubblico di Identit\u00e0 Digitale) con cui accedere ai Servizi erogati dalle Pubbliche Amministrazioni Italiane. La nuova [&hellip;]","protected":false},"author":4,"featured_media":0,"parent":67,"menu_order":9,"comment_status":"closed","ping_status":"closed","template":"","meta":{"footnotes":""},"class_list":["post-352","page","type-page","status-publish","hentry"],"_links":{"self":[{"href":"https:\/\/consvalona.esteri.it\/it\/wp-json\/wp\/v2\/pages\/352","targetHints":{"allow":["GET"]}}],"collection":[{"href":"https:\/\/consvalona.esteri.it\/it\/wp-json\/wp\/v2\/pages"}],"about":[{"href":"https:\/\/consvalona.esteri.it\/it\/wp-json\/wp\/v2\/types\/page"}],"author":[{"embeddable":true,"href":"https:\/\/consvalona.esteri.it\/it\/wp-json\/wp\/v2\/users\/4"}],"replies":[{"embeddable":true,"href":"https:\/\/consvalona.esteri.it\/it\/wp-json\/wp\/v2\/comments?post=352"}],"version-history":[{"count":3,"href":"https:\/\/consvalona.esteri.it\/it\/wp-json\/wp\/v2\/pages\/352\/revisions"}],"predecessor-version":[{"id":449,"href":"https:\/\/consvalona.esteri.it\/it\/wp-json\/wp\/v2\/pages\/352\/revisions\/449"}],"up":[{"embeddable":true,"href":"https:\/\/consvalona.esteri.it\/it\/wp-json\/wp\/v2\/pages\/67"}],"wp:attachment":[{"href":"https:\/\/consvalona.esteri.it\/it\/wp-json\/wp\/v2\/media?parent=352"}],"curies":[{"name":"wp","href":"https:\/\/api.w.org\/{rel}","templated":true}]}}