{"id":36,"date":"2023-04-03T19:15:47","date_gmt":"2023-04-03T17:15:47","guid":{"rendered":"https:\/\/consolatozurigo.esteri.it\/?page_id=36"},"modified":"2024-09-17T17:11:54","modified_gmt":"2024-09-17T15:11:54","slug":"gli-uffici","status":"publish","type":"page","link":"https:\/\/consvalona.esteri.it\/it\/chi-siamo\/gli-uffici\/","title":{"rendered":"Gli Uffici"},"content":{"rendered":"<p><strong>ORARI DI APERTURA AL PUBBLICO:<\/strong><\/p>\n<p>Ufficio Visti: dal luned\u00ec al venerd\u00ec, dalle 09.00 alle 12.00<\/p>\n<p>Ufficio Consolare: dal luned\u00ec al venerd\u00ec, dalle 09.00 alle 12.00<\/p>\n<p><strong>UFFICIO VISTI:<\/strong><\/p>\n<p>Tel.:+355 33 225 705\/7<\/p>\n<p>e-mail:\u00a0<a href=\"mailto:visti.convalo@esteri.it\">visti.convalo@esteri.it<\/a><\/p>\n<p><strong>UFFICIO CONSOLARE:<\/strong><\/p>\n<p>Tel.:+355 33 225 705\/7<\/p>\n<p>e-mail: <a href=\"mailto:legalizzazione.valona@esteri.it\">legalizzazione.valona@esteri.it<\/a><\/p>\n<p><strong>UFFICIO AMMINISTRATIVO:<\/strong><\/p>\n<p>Tel.: +355 33 225 705\/7<\/p>\n<p>e-mail: <a href=\"mailto:amm.convalo@esteri.it\">amm.convalo@esteri.it<\/a><\/p>\n<p><strong>SETTORE COMMERCIALE E COOPERAZIONE ALLO SVILUPPO:<\/strong><\/p>\n<p>Dal marzo 2023 presso la Sede del Consolato Generale \u00e8 presente il Desk Promozionale ICE Agenzia di Valona.<\/p>\n<p>Per contatti: <a href=\"desk.valona@ice.it\">desk.valona@ice.it<\/a><\/p>\n<p><strong>UFFICIO DEL LETTORE:<\/strong><\/p>\n<p>In virt\u00f9 degli incarichi extra-accademici, il Lettore presso l&#8217;Universit\u00e0 di Valona si occupa delle iniziative di promozione e cooperazione nei settori della cultura e della lingua italiana.<\/p>\n<p>Per contatti:\u00a0<a href=\"mailto:consolato.valona@esteri.it\">consolato.valona@esteri.it<\/a><\/p>\n<p><strong>CONSOLATO ONORARIO D&#8217;ITALIA AD ARGIROCASTRO<\/strong><\/p>\n<p>Indirizzo: Lagja Varosh 92, 6001 Gjirokast\u00ebr<\/p>\n<p>Console Onorario Teodor BILUSHI<\/p>\n<p>Tel.\/ Fax.: +355 84262826 Cel.: +355 684023608 \/ +355 692519908<\/p>\n<p>e-mail: <a href=\"mailto:argirocastro.onorario@esteri.it\">argirocastro.onorario@esteri.it<\/a>;<\/p>\n<p><strong>CORR<\/strong><strong>ISPONDENTE CONSOLARE D&#8217;ITALIA &#8211; BERAT<\/strong><\/p>\n<p>Indirizzo: L.D\u00ebshmor\u00ebt e Kombit, P.Konuda, Berat<\/p>\n<p>Prof. Vladimir \u00c7ELA<\/p>\n<p>Cel: +355 697480390<\/p>\n<p>e-mail:\u00a0<a href=\"mailto:celavladimir@gmail.com\">celavladimir@gmail.com<\/a><\/p>\n","protected":false},"excerpt":{"rendered":"ORARI DI APERTURA AL PUBBLICO: Ufficio Visti: dal luned\u00ec al venerd\u00ec, dalle 09.00 alle 12.00 Ufficio Consolare: dal luned\u00ec al venerd\u00ec, dalle 09.00 alle 12.00 UFFICIO VISTI: Tel.:+355 33 225 705\/7 e-mail:\u00a0visti.convalo@esteri.it UFFICIO CONSOLARE: Tel.:+355 33 225 705\/7 e-mail: legalizzazione.valona@esteri.it UFFICIO AMMINISTRATIVO: Tel.: +355 33 225 705\/7 e-mail: amm.convalo@esteri.it SETTORE COMMERCIALE E COOPERAZIONE ALLO SVILUPPO: [&hellip;]","protected":false},"author":1,"featured_media":0,"parent":13,"menu_order":6,"comment_status":"closed","ping_status":"closed","template":"","meta":{"footnotes":""},"class_list":["post-36","page","type-page","status-publish","hentry"],"_links":{"self":[{"href":"https:\/\/consvalona.esteri.it\/it\/wp-json\/wp\/v2\/pages\/36","targetHints":{"allow":["GET"]}}],"collection":[{"href":"https:\/\/consvalona.esteri.it\/it\/wp-json\/wp\/v2\/pages"}],"about":[{"href":"https:\/\/consvalona.esteri.it\/it\/wp-json\/wp\/v2\/types\/page"}],"author":[{"embeddable":true,"href":"https:\/\/consvalona.esteri.it\/it\/wp-json\/wp\/v2\/users\/1"}],"replies":[{"embeddable":true,"href":"https:\/\/consvalona.esteri.it\/it\/wp-json\/wp\/v2\/comments?post=36"}],"version-history":[{"count":6,"href":"https:\/\/consvalona.esteri.it\/it\/wp-json\/wp\/v2\/pages\/36\/revisions"}],"predecessor-version":[{"id":1246,"href":"https:\/\/consvalona.esteri.it\/it\/wp-json\/wp\/v2\/pages\/36\/revisions\/1246"}],"up":[{"embeddable":true,"href":"https:\/\/consvalona.esteri.it\/it\/wp-json\/wp\/v2\/pages\/13"}],"wp:attachment":[{"href":"https:\/\/consvalona.esteri.it\/it\/wp-json\/wp\/v2\/media?parent=36"}],"curies":[{"name":"wp","href":"https:\/\/api.w.org\/{rel}","templated":true}]}}