{"id":38,"date":"2023-04-03T19:16:15","date_gmt":"2023-04-03T17:16:15","guid":{"rendered":"https:\/\/consolatozurigo.esteri.it\/?page_id=38"},"modified":"2025-03-24T13:45:07","modified_gmt":"2025-03-24T12:45:07","slug":"numeri-di-emergenza","status":"publish","type":"page","link":"https:\/\/consvalona.esteri.it\/it\/chi-siamo\/numeri-di-emergenza\/","title":{"rendered":"Numeri di emergenza"},"content":{"rendered":"<p><span style=\"color: #000000; font-family: Calibri;\">NUMERI DI EMERGENZA DELLA RETE CONSOLARE IN ALBANIA<\/span><\/p>\n<p><span style=\"color: #000000; font-family: Calibri;\">DEDICATI ESCLUSIVAMENTE A CITTADINI ITALIANI SOLO PER SITUAZIONI DI COMPROVATA EMERGENZA <strong>(<em>quali, ad esempio: ricoveri d\u2019urgenza, arresti, ecc.)<\/em><\/strong><\/span><\/p>\n<p><span style=\"color: #000000; font-family: Calibri;\">(le chiamate per pratiche consolari ordinarie &#8211; passaporti, visti, etc. &#8211; NON verranno prese in considerazione)<\/span><\/p>\n<p><span style=\"color: #000000; font-family: Calibri;\">Per i cittadini italiani presenti nella circoscrizione consolare del Consolato Generale d\u2019Italia a <strong>VALONA<\/strong> il numero di emergenza \u00e8: <strong>00355 68 2027064 &#8211; in funzione dal luned\u00ec al gioved\u00ec sino <\/strong><\/span><strong style=\"color: #000000; font-family: Calibri;\">alle ore 22.00 <\/strong><strong style=\"color: #000000; font-family: Calibri;\">e\u00a0<\/strong><strong style=\"color: #000000; font-family: Calibri;\">venerd\u00ec\u00a0<\/strong><strong style=\"color: #000000; font-family: Calibri;\">dalle ore 14.00 sino alle ore 8.00 del luned\u00ec.<\/strong><\/p>\n<p><span style=\"color: #000000; font-family: Calibri;\">Per i cittadini italiani presenti nella circoscrizione consolare dell\u2019Ambasciata d\u2019Italia a<strong> TIRANA<\/strong> il numero di emergenza \u00e8: <strong>00355 4 2274900<\/strong><\/span><\/p>\n<p><span style=\"color: #000000; font-family: Calibri;\">In caso di ASSOLUTA EMERGENZA in orari diversi da quelli di apertura degli uffici o di reperibilit\u00e0, \u00e8 possibile contattare il seguente numero dell\u2019Unit\u00e0 di Crisi del Ministero degli Affari Esteri e della Cooperazione Internazionale: +39-06-36225.<\/span><\/p>\n<p>&nbsp;<\/p>\n<p>&nbsp;<\/p>\n","protected":false},"excerpt":{"rendered":"NUMERI DI EMERGENZA DELLA RETE CONSOLARE IN ALBANIA DEDICATI ESCLUSIVAMENTE A CITTADINI ITALIANI SOLO PER SITUAZIONI DI COMPROVATA EMERGENZA (quali, ad esempio: ricoveri d\u2019urgenza, arresti, ecc.) (le chiamate per pratiche consolari ordinarie &#8211; passaporti, visti, etc. &#8211; NON verranno prese in considerazione) Per i cittadini italiani presenti nella circoscrizione consolare del Consolato Generale d\u2019Italia a [&hellip;]","protected":false},"author":1,"featured_media":0,"parent":13,"menu_order":10,"comment_status":"closed","ping_status":"closed","template":"","meta":{"footnotes":""},"class_list":["post-38","page","type-page","status-publish","hentry"],"_links":{"self":[{"href":"https:\/\/consvalona.esteri.it\/it\/wp-json\/wp\/v2\/pages\/38","targetHints":{"allow":["GET"]}}],"collection":[{"href":"https:\/\/consvalona.esteri.it\/it\/wp-json\/wp\/v2\/pages"}],"about":[{"href":"https:\/\/consvalona.esteri.it\/it\/wp-json\/wp\/v2\/types\/page"}],"author":[{"embeddable":true,"href":"https:\/\/consvalona.esteri.it\/it\/wp-json\/wp\/v2\/users\/1"}],"replies":[{"embeddable":true,"href":"https:\/\/consvalona.esteri.it\/it\/wp-json\/wp\/v2\/comments?post=38"}],"version-history":[{"count":5,"href":"https:\/\/consvalona.esteri.it\/it\/wp-json\/wp\/v2\/pages\/38\/revisions"}],"predecessor-version":[{"id":1522,"href":"https:\/\/consvalona.esteri.it\/it\/wp-json\/wp\/v2\/pages\/38\/revisions\/1522"}],"up":[{"embeddable":true,"href":"https:\/\/consvalona.esteri.it\/it\/wp-json\/wp\/v2\/pages\/13"}],"wp:attachment":[{"href":"https:\/\/consvalona.esteri.it\/it\/wp-json\/wp\/v2\/media?parent=38"}],"curies":[{"name":"wp","href":"https:\/\/api.w.org\/{rel}","templated":true}]}}