{"id":39,"date":"2023-04-03T19:16:29","date_gmt":"2023-04-03T17:16:29","guid":{"rendered":"https:\/\/consolatozurigo.esteri.it\/?page_id=39"},"modified":"2024-09-17T17:14:12","modified_gmt":"2024-09-17T15:14:12","slug":"la-rete-consolare","status":"publish","type":"page","link":"https:\/\/consvalona.esteri.it\/it\/chi-siamo\/la-rete-consolare\/","title":{"rendered":"La Rete Consolare"},"content":{"rendered":"<p><img loading=\"lazy\" decoding=\"async\" class=\"alignnone size-medium wp-image-119 img-fluid\" src=\"https:\/\/consvalona.esteri.it\/wp-content\/uploads\/2023\/06\/7603_f_cons57circoscrizione_valona8-154x300.jpg\" alt=\"7603_f_cons57circoscrizione_valona8\" width=\"154\" height=\"300\" srcset=\"https:\/\/consvalona.esteri.it\/wp-content\/uploads\/2023\/06\/7603_f_cons57circoscrizione_valona8-154x300.jpg 154w, https:\/\/consvalona.esteri.it\/wp-content\/uploads\/2023\/06\/7603_f_cons57circoscrizione_valona8.jpg 250w\" sizes=\"auto, (max-width: 154px) 100vw, 154px\" \/><\/p>\n<p><strong>CONSOLATO GENERALE D&#8217;ITALIA A VALONA<\/strong><\/p>\n<p><strong>Console Generale <\/strong><\/p>\n<p><strong>Achille Provenzano<\/strong><\/p>\n<p>Indirizzo: L. 10 Korriku, Rr. Murat T\u00ebrba\u00e7i<\/p>\n<p>Tel:\u00a0 +355\u00a033 225705\/7<\/p>\n<p>e-mail Segreteria:\u00a0<a href=\"mailto:consolato.valona@esteri.it\">consolato.valona@esteri.it<\/a><\/p>\n<p>e-mail Visti:\u00a0<a href=\"mailto:visti.convalo@esteri.it\">visti.convalo@esteri.it<\/a><\/p>\n<p>e-mail Consolare: <a href=\"mailto:legalizzazione.valona@esteri.it\">legalizzazione.valona@esteri.it<\/a><\/p>\n<p>e-mail Amministrazione: <a href=\"mailto:amm.convalo@esteri.it\">amm.convalo@esteri.it<\/a><\/p>\n<p>Pec:\u00a0<a href=\"mailto:con.valona@cert.esteri.it\">con.valona@cert.esteri.it<\/a><\/p>\n<p>Numero Emergenza Connazionali: +355 682027064<\/p>\n<p>Orario di apertura al pubblico: dal luned\u00ec al venerd\u00ec, dalle 09.00 alle 12.00.<\/p>\n<p>&nbsp;<\/p>\n<p><strong>CONSOLATO ONORARIO d&#8217;ITALIA AD ARGIROCASTRO<\/strong><\/p>\n<p><strong>Console Onorario<\/strong> <strong>Prof. Teodor Bilushi<\/strong><\/p>\n<p>Indirizzo:Rr. Lagija Varosh, n. 92, Gjirokast\u00ebr<\/p>\n<p>Cel: +355 684023608<\/p>\n<p>e-mail:\u00a0<a href=\"mailto:argirocastro.onorario@esteri.it\">argirocastro.onorario@esteri.it<\/a><\/p>\n<p>&nbsp;<\/p>\n<p><strong>CORRISPONDENTE CONSOLARE D&#8217;ITALIA A BERAT<\/strong><\/p>\n<p><strong>Prof. Vladimir \u00c7ela<\/strong><\/p>\n<p>Indirizzo: L.D\u00ebshmor\u00ebt e Kombit, P.Konuda, Berat<\/p>\n<p>Cel: +355 672009503<\/p>\n<p>e-mail:\u00a0<a href=\"mailto:celavladimir@yahoo.com\">celavladimir@yahoo.com<\/a><\/p>\n<p>&nbsp;<\/p>\n<p><strong>AMBASCIATA D&#8217;ITALIA\u00a0A TIRANA<\/strong><\/p>\n<p>Rr. Papa Gjon Pali II, N. 2<\/p>\n<p>Tel.: +355 042275900<\/p>\n<p><a href=\"http:\/\/www.ambtirana.esteri.it\/\">www.ambtirana.esteri.it<\/a><\/p>\n<p>PEC:<a href=\"mailto:amb.tirana.consolare@cert.esteri.it\">amb.tirana.consolare@cert.esteri.it<\/a><\/p>\n<p>Numero Emergenza Connazionali: +355 4 2275900 in funzione dalle ore 18.00 alle ore 22.00 dal luned\u00ec al gioved\u00ec e dalle ore 18.00 del venerd\u00ec alle ore 8.30 del luned\u00ec.<\/p>\n<p>Orario per il pubblico: dal luned\u00ec al venerd\u00ec, dalle ore 9.00 alle ore 12.30<\/p>\n","protected":false},"excerpt":{"rendered":"CONSOLATO GENERALE D&#8217;ITALIA A VALONA Console Generale Achille Provenzano Indirizzo: L. 10 Korriku, Rr. Murat T\u00ebrba\u00e7i Tel:\u00a0 +355\u00a033 225705\/7 e-mail Segreteria:\u00a0consolato.valona@esteri.it e-mail Visti:\u00a0visti.convalo@esteri.it e-mail Consolare: legalizzazione.valona@esteri.it e-mail Amministrazione: amm.convalo@esteri.it Pec:\u00a0con.valona@cert.esteri.it Numero Emergenza Connazionali: +355 682027064 Orario di apertura al pubblico: dal luned\u00ec al venerd\u00ec, dalle 09.00 alle 12.00. &nbsp; CONSOLATO ONORARIO d&#8217;ITALIA AD ARGIROCASTRO Console [&hellip;]","protected":false},"author":1,"featured_media":0,"parent":13,"menu_order":12,"comment_status":"closed","ping_status":"closed","template":"","meta":{"footnotes":""},"class_list":["post-39","page","type-page","status-publish","hentry"],"_links":{"self":[{"href":"https:\/\/consvalona.esteri.it\/it\/wp-json\/wp\/v2\/pages\/39","targetHints":{"allow":["GET"]}}],"collection":[{"href":"https:\/\/consvalona.esteri.it\/it\/wp-json\/wp\/v2\/pages"}],"about":[{"href":"https:\/\/consvalona.esteri.it\/it\/wp-json\/wp\/v2\/types\/page"}],"author":[{"embeddable":true,"href":"https:\/\/consvalona.esteri.it\/it\/wp-json\/wp\/v2\/users\/1"}],"replies":[{"embeddable":true,"href":"https:\/\/consvalona.esteri.it\/it\/wp-json\/wp\/v2\/comments?post=39"}],"version-history":[{"count":6,"href":"https:\/\/consvalona.esteri.it\/it\/wp-json\/wp\/v2\/pages\/39\/revisions"}],"predecessor-version":[{"id":1251,"href":"https:\/\/consvalona.esteri.it\/it\/wp-json\/wp\/v2\/pages\/39\/revisions\/1251"}],"up":[{"embeddable":true,"href":"https:\/\/consvalona.esteri.it\/it\/wp-json\/wp\/v2\/pages\/13"}],"wp:attachment":[{"href":"https:\/\/consvalona.esteri.it\/it\/wp-json\/wp\/v2\/media?parent=39"}],"curies":[{"name":"wp","href":"https:\/\/api.w.org\/{rel}","templated":true}]}}