{"id":410,"date":"2023-10-02T12:44:33","date_gmt":"2023-10-02T10:44:33","guid":{"rendered":"https:\/\/consvalona.esteri.it\/?page_id=410"},"modified":"2023-10-02T12:44:57","modified_gmt":"2023-10-02T10:44:57","slug":"certificazione-di-esecuzione-dei-lavori-eseguiti-allestero-cel","status":"publish","type":"page","link":"https:\/\/consvalona.esteri.it\/it\/servizi-consolari-e-visti\/servizi-per-il-cittadino-italiano\/altri-servizi\/servizi-per-le-imprese\/certificazione-di-esecuzione-dei-lavori-eseguiti-allestero-cel\/","title":{"rendered":"Certificazione di Esecuzione dei Lavori Eseguiti all\u2019Estero (CEL)"},"content":{"rendered":"<p style=\"text-align: center;\"><strong>Istruzioni per le imprese e per i tecnici di fiducia per l\u2019attuazione dell\u2019art. 84 del D.P.R. 5 ottobre 2010, N. 207<\/strong><\/p>\n<p>In data 8 giugno 2011 \u00e8 entrato in vigore il Decreto del Presidente della Repubblica 5 ottobre 2010, n. 207, il cui art. 84, in particolare, dispone sulla qualificazione delle imprese italiane per l&#8217;assunzione di lavori pubblici, con particolare riferimento alla certificazione dei lavori eseguiti all&#8217;estero.<\/p>\n<p>La nuova diposizione normativa innova le modalit\u00e0 di inserimento dei dati nella banca dati informatizzata degli appalti pubblici, gestita dall&#8217;Autorit\u00e0 per la Vigilanza sui Contratti Pubblici (AVCP) per la qual cosa sono coinvolti sia gli Uffici consolari all\u2019estero che la struttura centrale del MAE.<\/p>\n<p><span style=\"text-decoration: underline;\">Attivit\u00e0 procedimentale degli Uffici consolari all\u2019estero<\/span><\/p>\n<p>1. Il Consolato accredita all\u2019emissione dei certificati di lavori eseguiti all\u2019estero uno o pi\u00f9 professionisti, e ne d\u00e0 adeguata pubblicit\u00e0 sul proprio sito Internet.<\/p>\n<p>2. L\u2019impresa comunica al Consolato competente per territorio la necessit\u00e0 di certificare un\u2019opera realizzata all\u2019estero. Nel caso l\u2019impresa presenti la richiesta ad un Consolato diverso da quello nella cui circoscrizione \u00e8 stata realizzata l\u2019opera, sar\u00e0 reindirizzata al Consolato competente.<\/p>\n<p>3 La Sede comunica all\u2019impresa l\u2019elenco dei professionisti accreditati. Laddove non esistano tecnici di fiducia nella circoscrizione consolare in cui \u00e8 stata realizzata l\u2019opera, \u00e8 possibile per l\u2019impresa affidarsi a tecnici di fiducia accreditati presso circoscrizioni consolari o paesi limitrofi a quello in cui \u00e8 stata realizzata l\u2019opera.<\/p>\n<p>4. Il tecnico di fiducia \u2013 scelto autonomamente dall\u2019impresa tra quelli indicati nell\u2019elenco fornito dalla Sede, previa verifica delle condizioni di incompatibilit\u00e0 \u2013 produce un certificato conforme al modello B semplificato. Il certificato viene consegnato alla Sede in formato elettronico e cartaceo datato, timbrato e firmato dal professionista e corredato di autocertificazione circa l\u2019insussistenza delle condizioni di incompatibilit\u00e0.<\/p>\n<p>5. Ove necessario, il certificato conforme al modello B semplificato \u00e8 debitamente legalizzato e completo di traduzione conforme rilasciata dall\u2019Ufficio Consolare, ovvero eseguita da un traduttore ufficiale.<\/p>\n<p>6. L\u2019Ufficio Consolare verifica che il timbro e la firma presenti sul certificato corrispondano ad uno dei tecnici accreditati, quindi trasmette i dati alla struttura centrale del MAE.<\/p>\n<p><span style=\"text-decoration: underline;\">Costo del servizio reso dagli Uffici all\u2019estero<\/span><\/p>\n<p>L&#8217;impresa richiedente \u00e8 tenuta al pagamento del servizio, fissato per il solo inserimento dati in \u20ac 100,00 per un certificato costituito da un massimo di 8 pagine, e \u20ac 10,00 per ogni pagina in pi\u00f9. Tale importo \u00e8 soggetto a revisione biennale.<\/p>\n<p>L\u2019importo \u00e8 corrisposto direttamente alla Sede interessata mediante bonifico bancario, come corrispettivo di &#8220;servizio alle imprese per CEL&#8221;. <span style=\"text-decoration: underline;\">Il pagamento dell\u2019importo dovr\u00e0 essere effettuato sul c\/c in euro n. 31535732801 intestato a questo Consolato Generale d\u2019Italia in Valona ed acceso presso l\u2019istituto bancario INTESA SAN PAOLO BANK Albania, sede di Valona, codice IBAN AL70208261290000031535732801.<\/span><\/p>\n<p><span style=\"text-decoration: underline;\">Attivit\u00e0 procedimentale della struttura centrale del MAE<\/span><\/p>\n<p>Con la convalida dei dati inseriti dalla Sede estera, la struttura centrale del Ministero provvede all\u2019inserimento del certificato nel casellario informatico di cui all\u2019articolo 8 del DPR 207\/2010.<\/p>\n<p>&nbsp;<\/p>\n<p style=\"text-align: center;\"><strong>Il tecnico di fiducia<\/strong><\/p>\n<p><span style=\"text-decoration: underline;\">Riferimento normativo<\/span><\/p>\n<p>Ai sensi dell\u2019art. 84, comma 2, del D.P.R. n. 207\/2010, &#8220;la certificazione \u00e8 rilasciata, su richiesta dell\u2019interessato, da un tecnico di fiducia del consolato o del Ministero degli affari esteri&#8221;.<\/p>\n<p>Natura del rapporto fiduciario.<\/p>\n<p>Per &#8220;tecnico di fiducia&#8221; si intende un professionista in possesso dei requisiti necessari per adempiere correttamente al mandato richiesto dalla legge italiana. La &#8220;fiducia&#8221; consiste pertanto nella verifica che i requisiti professionali del tecnico corrispondono alle indicazioni espresse dalla normativa. L\u2019Ufficio consolare informa i professionisti interessati circa le conseguenze civili e penali per false attestazioni.<\/p>\n<p><span style=\"text-decoration: underline;\">Accreditamento dei tecnici.<\/span><\/p>\n<p>Per ottenere l\u2019accreditamento il tecnico deve:<\/p>\n<p>a) possedere i requisiti giuridici per emettere la certificazione, requisiti che si concretizzano generalmente nell\u2019iscrizione al corrispondente ordine professionale (ingegneri o architetti);<\/p>\n<p>b) possedere i requisiti tecnico-professionali che, in base all\u2019ordinamento dello Stato in cui \u00e8 stata realizzata l\u2019opera, sono necessari per certificare la medesima;<\/p>\n<p>c) conoscere la normativa italiana. In particolare, il Codice dei contratti (Decreto Legislativo 12 aprile 2006, n. 163) e il relativo Regolamento di esecuzione (Decreto del Presidente della Repubblica 5 ottobre 2010, n. 207).<\/p>\n<p>In materia di accreditamento del tecnico di fiducia \u00e8 opportuno precisare che:<\/p>\n<p>&#8211; il requisito sub a) pu\u00f2 ben ricomprendere quello sub b), assorbendolo interamente;<\/p>\n<p>&#8211; il requisito sub c) \u00e8 autocertificabile da parte dell\u2019interessato con le modalit\u00e0 e le prescrizioni di cui all\u2019art. 3, D.P.R. 28\/12\/2000, n. 445;<\/p>\n<p>&#8211; \u00e8 sempre possibile accreditare tecnici italiani, debitamente iscritti all\u2019Ordine professionale competente, nel qual caso il possesso dei requisiti summenzionati \u00e8 realizzato implicitamente.<\/p>\n<p>L\u2019ufficio consolare provvede a custodire l\u2019elenco dei professionisti accreditati con il deposito del timbro e della firma per la verifica al momento della consegna del certificato da parte dell\u2019Impresa.<\/p>\n<p><span style=\"text-decoration: underline;\">Compatibilit\u00e0 e verifiche<\/span><\/p>\n<p>Il tecnico che emette il certificato non pu\u00f2 essere:<\/p>\n<p>1) Dipendente a qualsiasi titolo di una qualsiasi delle imprese italiane e locali menzionate nel certificato; eventuali rapporti passati devono essere cessati da almeno tre anni alla data di emissione del certificato;<\/p>\n<p>2) Titolare a qualsiasi titolo, personalmente o come rappresentante di societ\u00e0, di un rapporto contrattuale con una qualsiasi delle imprese italiane e locali menzionate nel certificato, con eccezione dei contratti per il rilascio delle certificazioni in parola; eventuali rapporti passati devono essere cessati da almeno tre anni alla data di emissione del certificato;<\/p>\n<p>3) Titolare di cariche legali di qualsiasi natura presso imprese controllate o collegate con una qualsiasi delle imprese italiane e locali menzionate nel certificato; eventuali rapporti passati devono essere cessati da almeno tre anni alla data di emissione del certificato;<\/p>\n<p>4) Congiunto sino al terzo grado con uno qualsiasi dei rappresentanti legali di una qualsiasi delle imprese italiane e locali menzionate nel certificato.<\/p>\n<p>Le circostanze di cui sopra sono autocertificate dal professionista in allegato a ciascun certificato.<\/p>\n<p>All\u2019atto dell\u2019accreditamento del tecnico di fiducia, l\u2019Ufficio consolare verifica presso gli enti locali competenti (ordini professionali, Universit\u00e0) l\u2019autenticit\u00e0 dei requisiti prodotti secondo la norma locale (laurea, abilitazione, iscrizione all\u2019ordine). In caso negativo, oltre a rifiutare l\u2019accreditamento, \u00e8 data comunicazione alle autorit\u00e0 giudiziarie e professionali competenti.<\/p>\n<p>Laddove il professionista iscritto manifesti palese disconoscenza della norma di cui trattasi, ovvero risulti aver emesso certificazioni false o inesatte, ovvero risulti affetto da condizioni di incompatibilit\u00e0, il medesimo \u00e8 immediatamente cancellato d\u2019ufficio dall\u2019elenco dei tecnici accreditati; contestualmente \u00e8 data comunicazione alle autorit\u00e0 giudiziarie e professionali competenti italiane e locali.<\/p>\n<p><span style=\"text-decoration: underline;\">Compiti del tecnico di fiducia<\/span><\/p>\n<p>Il tecnico di fiducia deve compilare il modello B semplificato predisposto dall\u2019AVCP compilato in tutti i suoi campi, ove esistenti, sulla base delle informazioni desunte dall\u2019ispezione dell\u2019opera eseguita e dall\u2019esame dei documenti contrattuali e contabili dei lavori. In particolare, al tecnico di fiducia compete l\u2019individuazione, per l\u2019opera da certificare, delle categorie e classi di lavori con riferimento al DPR 207\/2010 art. 61 e Allegato A; il modulo cos\u00ec compilato deve essere consegnato all\u2019impresa richiedente e all\u2019Ufficio consolare in formato elettronico e cartaceo datato, firmato e timbrato con gli estremi dell\u2019iscrizione all\u2019ordine professionale di appartenenza con allegata l\u2019autocertificazione di insussistenza delle condizioni di incompatibilit\u00e0.<\/p>\n<p>Si sottolinea che la certificazione in parola non costituisce, sotto alcun profilo tecnico o giuridico, documento sostitutivo del Certificato di collaudo statico n\u00e9 tecnico amministrativo. Se esiste un certificato di collaudo \u00e8 acquisito agli atti del certificatore.<\/p>\n<p><span style=\"text-decoration: underline;\">Onorario del tecnico di fiducia<\/span><\/p>\n<p>L\u2019onorario del tecnico di fiducia della Sede \u00e8 concordato direttamente tra il professionista e l\u2019impresa richiedente.<\/p>\n<p><span style=\"text-decoration: underline;\">Il tecnico di fiducia del Ministero degli Esteri e della Cooperazione Internazionale<\/span><\/p>\n<p>L\u2019elenco dei tecnici di fiducia del Ministero degli esteri \u00e8 comunicato a tutte le Sedi consolari, che provvedono ad aggiungerli al proprio elenco di soggetti abilitati all\u2019emissione delle certificazioni. Il reclutamento dei tecnici di fiducia del Ministero degli esteri da parte delle imprese per l\u2019emissione dei certificati avviene con le stesse modalit\u00e0 dei tecnici di fiducia delle Sedi, essendo unico l\u2019elenco dei soggetti abilitati per ciascuna Sede. Nel caso in cui il modello B semplificato sia compilato da un tecnico di fiducia del Ministero, il medesimo provveder\u00e0 altres\u00ec direttamente all\u2019inserimento del certificato nel casellario informatico di cui all\u2019articolo 8 del DPR 207\/2010.<\/p>\n<p>&#8212;&#8212;&#8211;<\/p>\n<h5>Allegati per i tecnici di fiducia:<\/h5>\n<p>&#8211; avviso di istituzione elenco dei tecnici di fiducia della Sede (Allegato 1)<br \/>\n&#8211; modulo di richiesta di iscrizione all\u2019elenco dei tecnici di fiducia della Sede e dichiarazione circa le condizioni di incompatibilit\u00e0 (Allegato 2A)<br \/>\n&#8211; modulo di richiesta di cancellazione dall\u2019elenco dei tecnici di fiducia della Sede (Allegato 2B)<br \/>\n&#8211; modello nota di trasmissione CEL (Allegato 4B)<br \/>\n&#8211; dichiarazione circa le condizioni di incompatibilit\u00e0 da allegare a ciascun certificato (Allegato 4C)<br \/>\n&#8211; modello B semplificato (Allegato B: in formato .pdf \u2013 in formato .doc)<\/p>\n<h5>Allegati per le imprese:<\/h5>\n<p>&#8211; modello richiesta di invio elenco professionisti (Allegato 4A)<\/p>\n","protected":false},"excerpt":{"rendered":"Istruzioni per le imprese e per i tecnici di fiducia per l\u2019attuazione dell\u2019art. 84 del D.P.R. 5 ottobre 2010, N. 207 In data 8 giugno 2011 \u00e8 entrato in vigore il Decreto del Presidente della Repubblica 5 ottobre 2010, n. 207, il cui art. 84, in particolare, dispone sulla qualificazione delle imprese italiane per l&#8217;assunzione [&hellip;]","protected":false},"author":4,"featured_media":0,"parent":408,"menu_order":43,"comment_status":"closed","ping_status":"closed","template":"","meta":{"footnotes":""},"class_list":["post-410","page","type-page","status-publish","hentry"],"_links":{"self":[{"href":"https:\/\/consvalona.esteri.it\/it\/wp-json\/wp\/v2\/pages\/410","targetHints":{"allow":["GET"]}}],"collection":[{"href":"https:\/\/consvalona.esteri.it\/it\/wp-json\/wp\/v2\/pages"}],"about":[{"href":"https:\/\/consvalona.esteri.it\/it\/wp-json\/wp\/v2\/types\/page"}],"author":[{"embeddable":true,"href":"https:\/\/consvalona.esteri.it\/it\/wp-json\/wp\/v2\/users\/4"}],"replies":[{"embeddable":true,"href":"https:\/\/consvalona.esteri.it\/it\/wp-json\/wp\/v2\/comments?post=410"}],"version-history":[{"count":2,"href":"https:\/\/consvalona.esteri.it\/it\/wp-json\/wp\/v2\/pages\/410\/revisions"}],"predecessor-version":[{"id":412,"href":"https:\/\/consvalona.esteri.it\/it\/wp-json\/wp\/v2\/pages\/410\/revisions\/412"}],"up":[{"embeddable":true,"href":"https:\/\/consvalona.esteri.it\/it\/wp-json\/wp\/v2\/pages\/408"}],"wp:attachment":[{"href":"https:\/\/consvalona.esteri.it\/it\/wp-json\/wp\/v2\/media?parent=410"}],"curies":[{"name":"wp","href":"https:\/\/api.w.org\/{rel}","templated":true}]}}