{"id":415,"date":"2023-10-02T12:55:22","date_gmt":"2023-10-02T10:55:22","guid":{"rendered":"https:\/\/consvalona.esteri.it\/?page_id=415"},"modified":"2023-10-19T12:35:39","modified_gmt":"2023-10-19T10:35:39","slug":"modulistica-per-cittadini-italiani","status":"publish","type":"page","link":"https:\/\/consvalona.esteri.it\/it\/servizi-consolari-e-visti\/servizi-per-il-cittadino-italiano\/modulistica-per-cittadini-italiani\/","title":{"rendered":"Modulistica per cittadini italiani"},"content":{"rendered":"<p>&#8211; <a href=\"https:\/\/consvalona.esteri.it\/wp-content\/uploads\/2023\/10\/Modulo-Iscrizione-Aire.doc\">Iscrizione AIRE<\/a><\/p>\n<p>&#8211; <a href=\"https:\/\/consvalona.esteri.it\/wp-content\/uploads\/2023\/10\/richiesta-di-trascrizione-Atti-di-Stato-Civile.doc\">Richiesta trascrizione atti di stato civile<\/a><\/p>\n<p>&#8211; <a href=\"https:\/\/consvalona.esteri.it\/wp-content\/uploads\/2023\/10\/Modulo-assenso-cambio-residenza-figlio-minore.doc\">Modulo assenso per cambio residenza figlio minore<\/a><\/p>\n<p>&#8211; <a href=\"https:\/\/consvalona.esteri.it\/wp-content\/uploads\/2023\/10\/Modulo-assenso-iscrizione-AIRE-figlio-minore.doc\">Modulo assenso per l&#8217;iscrizione AIRE figlio minore<\/a><\/p>\n<p>&#8211; <a href=\"https:\/\/www.agenziaentrate.gov.it\/portale\/documents\/20143\/278893\/modello+editabile+AA4_8_AA4-8+ita.pdf\/e614eda6-701e-c62f-76e5-bdfcd731060a\">Modulo domanda Codice Fiscale &#8211; Modello AA4\/8<\/a> (Per richiedere il Codice Fiscale presso l&#8217;Ufficio consolare \u00e8 necessario presentare il modulo di domanda unitamente alla copia del documento di identit\u00e0. La richiesta motivata si pu\u00f2 presentare anche via mail all&#8217;indirizzo: legalizzazione.valona@esteri.it)<\/p>\n<p>&nbsp;<\/p>\n<p>Per contatti: legalizzazione.valona@esteri.it<\/p>\n","protected":false},"excerpt":{"rendered":"&#8211; Iscrizione AIRE &#8211; Richiesta trascrizione atti di stato civile &#8211; Modulo assenso per cambio residenza figlio minore &#8211; Modulo assenso per l&#8217;iscrizione AIRE figlio minore &#8211; Modulo domanda Codice Fiscale &#8211; Modello AA4\/8 (Per richiedere il Codice Fiscale presso l&#8217;Ufficio consolare \u00e8 necessario presentare il modulo di domanda unitamente alla copia del documento di [&hellip;]","protected":false},"author":4,"featured_media":0,"parent":59,"menu_order":47,"comment_status":"closed","ping_status":"closed","template":"","meta":{"footnotes":""},"class_list":["post-415","page","type-page","status-publish","hentry"],"_links":{"self":[{"href":"https:\/\/consvalona.esteri.it\/it\/wp-json\/wp\/v2\/pages\/415","targetHints":{"allow":["GET"]}}],"collection":[{"href":"https:\/\/consvalona.esteri.it\/it\/wp-json\/wp\/v2\/pages"}],"about":[{"href":"https:\/\/consvalona.esteri.it\/it\/wp-json\/wp\/v2\/types\/page"}],"author":[{"embeddable":true,"href":"https:\/\/consvalona.esteri.it\/it\/wp-json\/wp\/v2\/users\/4"}],"replies":[{"embeddable":true,"href":"https:\/\/consvalona.esteri.it\/it\/wp-json\/wp\/v2\/comments?post=415"}],"version-history":[{"count":10,"href":"https:\/\/consvalona.esteri.it\/it\/wp-json\/wp\/v2\/pages\/415\/revisions"}],"predecessor-version":[{"id":472,"href":"https:\/\/consvalona.esteri.it\/it\/wp-json\/wp\/v2\/pages\/415\/revisions\/472"}],"up":[{"embeddable":true,"href":"https:\/\/consvalona.esteri.it\/it\/wp-json\/wp\/v2\/pages\/59"}],"wp:attachment":[{"href":"https:\/\/consvalona.esteri.it\/it\/wp-json\/wp\/v2\/media?parent=415"}],"curies":[{"name":"wp","href":"https:\/\/api.w.org\/{rel}","templated":true}]}}