{"id":91,"date":"2023-04-03T19:29:59","date_gmt":"2023-04-03T17:29:59","guid":{"rendered":"https:\/\/consolatozurigo.esteri.it\/?page_id=91"},"modified":"2023-09-29T12:43:34","modified_gmt":"2023-09-29T10:43:34","slug":"autoveicoli-e-patenti-di-guida","status":"publish","type":"page","link":"https:\/\/consvalona.esteri.it\/it\/servizi-consolari-e-visti\/servizi-per-il-cittadino-italiano\/autoveicoli-e-patenti-di-guida\/","title":{"rendered":"Autoveicoli e Patenti di guida"},"content":{"rendered":"<p>Patente di guida<\/p>\n<p>Per guidare all&#8217;estero i cittadini italiani sono soggetti a regole differenti a seconda sia della durata del soggiorno sia del paese di destinazione:<\/p>\n<p>a) Paesi appartenenti all\u2019Unione Europea;<br \/>\nb) Paesi extra UE firmatari di accordi di reciprocit\u00e0 con l\u2019Italia in materia di conversione di patenti di guida;<br \/>\nc) Paesi extra UE non firmatari di accordi di reciprocit\u00e0 con l\u2019Italia in materia di conversione di patenti di guida.<\/p>\n<p>a) PAESI APPARTENENTI ALL\u2019UNIONE EUROPEA<\/p>\n<p>\u2022 Se vi recate per brevi periodi in uno stato membro della UE potete circolare utilizzando la patente di guida italiana in quanto, in base alla Direttiva comunitaria n. 91\/439\/CEE del 29 luglio 1991, gli Stati membri riconoscono le patenti di guida rilasciate dalle rispettive Autorit\u00e0.<\/p>\n<p>\u2022 Se invece stabilite la vostra residenza in un Paese dell&#8217;UE avete tre possibilit\u00e0:<\/p>\n<p>-convertire (attenzione: \u00e8 una facolt\u00e0, non un obbligo) la patente di guida italiana in una equipollente del Paese di residenza;<br \/>\n-conservare la propria patente facendola riconoscere dalle Autorit\u00e0 dello Stato in cui risiedete;<br \/>\n-conservare la patente originaria senza fare alcunch\u00e9.<\/p>\n<p>In questo ultimo caso si potrebbero per\u00f2 verificare inconvenienti o ritardi in sede di rilascio del duplicato per smarrimento, furto o distruzione del documento, essendo necessario richiedere notizie allo Stato che ha inizialmente rilasciato la patente.<\/p>\n<p>b) PAESI NON APPARTENENTI ALL\u2019UNIONE EUROPEA FIRMATARI DI ACCORDI DI RECIPROCIT\u00c0 CON L\u2019ITALIA IN MATERIA DI CONVERSIONE DI PATENTI DI GUIDA.<\/p>\n<p>ACCORDO ITALIA \u2013 ALBANIA in vigore dal 01.04.2022<\/p>\n<p>\u2022 Per circolare temporaneamente in Albania \u00e8 sufficiente la patente di guida italiana in corso di validit\u00e0.<\/p>\n<p>\u2022 Se stabilite la residenza in un Paese straniero firmatario con l&#8217;Italia di un accordo di reciprocit\u00e0 in materia di patenti, quale il caso dell\u2019Albania, firmataria di un accordo con l\u2019Italia entrato in vigore il 1.4.2022, dovrete richiedere alle locali Autorit\u00e0 la conversione della vostra patente italiana in corso di validit\u00e0. Per conversione della patente si intende il rilascio, senza l&#8217;obbligo del superamento di esami teorici e pratici, di una patente dello Stato di nuova residenza corrispondente a quella italiana. La maggior parte degli accordi bilaterali conclusi dall&#8217;Italia in materia di patenti prevede che le Autorit\u00e0 del Paese ospitante comunichino, una volta rilasciata la nuova patente, l&#8217;avvenuta conversione alle Autorit\u00e0 diplomatico-consolari italiane ovvero a quella in Italia designata dall&#8217;accordo stesso.<br \/>\nUna volta rilasciata la nuova patente, quella italiana viene revocata secondo quanto previsto dall\u2019art. 130, comma c) del Codice della strada (D. Lgs. 285\/1992).<br \/>\nPer brevi soggiorni in Italia (ad esempio per vacanze) \u00e8 sufficiente munirsi della traduzione ufficiale della patente di guida da esibire a richiesta degli organi di sicurezza italiani. In caso di rientro definitivo, potrete guidare in Italia con la patente straniera fino ad un anno massimo dalla data di rientro, dopodich\u00e9 occorrer\u00e0 richiedere la sostituzione della patente estera ottenuta in sede di conversione. Sar\u00e0 pertanto rilasciata una nuova patente italiana di categoria non superiore a quella originaria (art. 136, comma 5 del Codice della Strada).<\/p>\n<p>c) PAESI NON APPARTENENTI ALL\u2019UNIONE EUROPEA E NON FIRMATARI DI ACCORDI DI RECIPROCIT\u00c0 CON L\u2019ITALIA IN MATERIA DI CONVERSIONE DI PATENTI DI GUIDA.<\/p>\n<p>In questi Paesi non \u00e8 possibile n\u00e9 riconoscere n\u00e9 convertire la patente italiana di guida.<br \/>\n\u00c8 pertanto opportuno prendere debito e tempestivo contatto con la Rappresentanza diplomatico-consolare italiana nel luogo ove si desidera guidare, o con la Rappresentanza estera in Italia del Paese straniero, per conoscere quali siano i documenti necessari e la normativa vigente in materia.<\/p>\n","protected":false},"excerpt":{"rendered":"Patente di guida Per guidare all&#8217;estero i cittadini italiani sono soggetti a regole differenti a seconda sia della durata del soggiorno sia del paese di destinazione: a) Paesi appartenenti all\u2019Unione Europea; b) Paesi extra UE firmatari di accordi di reciprocit\u00e0 con l\u2019Italia in materia di conversione di patenti di guida; c) Paesi extra UE non [&hellip;]","protected":false},"author":1,"featured_media":0,"parent":59,"menu_order":16,"comment_status":"closed","ping_status":"closed","template":"","meta":{"footnotes":""},"class_list":["post-91","page","type-page","status-publish","hentry"],"_links":{"self":[{"href":"https:\/\/consvalona.esteri.it\/it\/wp-json\/wp\/v2\/pages\/91","targetHints":{"allow":["GET"]}}],"collection":[{"href":"https:\/\/consvalona.esteri.it\/it\/wp-json\/wp\/v2\/pages"}],"about":[{"href":"https:\/\/consvalona.esteri.it\/it\/wp-json\/wp\/v2\/types\/page"}],"author":[{"embeddable":true,"href":"https:\/\/consvalona.esteri.it\/it\/wp-json\/wp\/v2\/users\/1"}],"replies":[{"embeddable":true,"href":"https:\/\/consvalona.esteri.it\/it\/wp-json\/wp\/v2\/comments?post=91"}],"version-history":[{"count":1,"href":"https:\/\/consvalona.esteri.it\/it\/wp-json\/wp\/v2\/pages\/91\/revisions"}],"predecessor-version":[{"id":391,"href":"https:\/\/consvalona.esteri.it\/it\/wp-json\/wp\/v2\/pages\/91\/revisions\/391"}],"up":[{"embeddable":true,"href":"https:\/\/consvalona.esteri.it\/it\/wp-json\/wp\/v2\/pages\/59"}],"wp:attachment":[{"href":"https:\/\/consvalona.esteri.it\/it\/wp-json\/wp\/v2\/media?parent=91"}],"curies":[{"name":"wp","href":"https:\/\/api.w.org\/{rel}","templated":true}]}}