{"id":95,"date":"2023-04-03T19:30:48","date_gmt":"2023-04-03T17:30:48","guid":{"rendered":"https:\/\/consolatozurigo.esteri.it\/?page_id=95"},"modified":"2025-06-24T11:05:51","modified_gmt":"2025-06-24T09:05:51","slug":"visti","status":"publish","type":"page","link":"https:\/\/consvalona.esteri.it\/it\/servizi-consolari-e-visti\/servizi-per-il-cittadino-straniero\/visti\/","title":{"rendered":"Visti"},"content":{"rendered":"<p style=\"font-weight: 400;\"><b><strong>A\u00a0partire dal 25 settembre 2014 l\u2019Ufficio visti del Consolato Generale d\u2019Italia \u00e8 collegato al VIS.<\/strong><\/b><\/p>\n<p>&nbsp;<\/p>\n<p style=\"font-weight: 400;\"><b><strong>Al seguente link\u00a0<a href=\"http:\/\/www.esteri.it\/visti\/\">I VISTI PER ENTRARE IN ITALIA<\/a>\u00a0<\/strong><\/b><b><strong>sono disponibili informazioni sulle modalit\u00e0 e sui documenti necessari per richiedere il visto d\u2019ingresso in Italia.<\/strong><\/b><\/p>\n<p><b><strong>Orario di apertura al pubblico e modalit\u00e0 di prenotazione degli appuntamenti<\/strong><\/b><\/p>\n<p><b><strong>Lo sportello visti presso il Consolato Generale \u00e8 aperto al pubblico\u00a0dal luned\u00ec al venerd\u00ec<\/strong><\/b><b><strong>,\u00a0dalle ore 08.45 alle ore 12.00<\/strong><\/b><b><strong>, soltanto\u00a0previo appuntamento<\/strong><\/b><b><strong>. NON \u00e8 richiesta la prenotazione di appuntamento per gli utenti che presentano la domanda di visto di ingresso per\u00a0cure mediche<\/strong><\/b><b><strong>: tali utenti possono presentarsi direttamente allo sportello visti di questo Consolato Generale nei sopraindicati orari di apertura al pubblico.<\/strong><\/b><\/p>\n<p><b><strong>Per i servizi consolari di legalizzazioni e visti \u00e8 attivo il sistema\u00a0GRATUITO<\/strong><\/b><b><strong>\u00a0di\u00a0prenotazione tramite internet degli appuntamenti<\/strong><\/b><b><strong>. Per accedere al servizio di prenotazione on line cliccare su \u201cPrenota l\u2019appuntamento\u201d dalla sezione \u201cIn linea con l\u2019utente\u201d in alto.<br \/>\n<\/strong><\/b><b><\/b><\/p>\n<p><b><strong>Regole generali<br \/>\n<\/strong><\/b><\/p>\n<ul style=\"font-weight: 400;\">\n<li><b><strong>vengono esaminate le domande di visto dei titolari di passaporto rilasciato nella circoscrizione consolare di questo Consolato Generale.<br \/>\n<\/strong><\/b><\/li>\n<li><b><strong>i servizi consolari sono erogati secondo principi di eguaglianza, imparzialit\u00e0, efficienza e trasparenza. Qualsiasi intermediazione dovesse presentarsi al di fuori degli uffici del Consolato Generale \u00e8 illegale e va denunciata alle Autorit\u00e0 competenti.<\/strong><\/b><\/li>\n<\/ul>\n<p><b><strong>Contatti<\/strong><\/b><\/p>\n<p><b><strong>Ufficio Visti:\u00a0\u00a0\u00a0\u00a0\u00a0\u00a0\u00a0\u00a0\u00a0\u00a0\u00a0\u00a0\u00a0\u00a0\u00a0\u00a0\u00a0\u00a0\u00a0\u00a0\u00a0\u00a0\u00a0\u00a0\u00a0\u00a0\u00a0\u00a0\u00a0<a href=\"mailto:visti.convalo@esteri.it\">visti.convalo@esteri.it<\/a><\/strong><\/b><\/p>\n<p><b><strong><br \/>\nDi seguito si forniscono alcune sintetiche informazioni sull\u2019ingresso in Italia.<\/strong><\/b><\/p>\n<p><b><strong>VISTI DI BREVE PERIODO<\/strong><\/b><\/p>\n<p><b><strong>Dopo la liberalizzazione dei visti (8 novembre 2010), i cittadini albanesi hanno diritto di circolare liberamente nell\u2019area Schengen per un periodo di tempo complessivamente non superiore a 90 giorni in un semestre per i seguenti motivi:\u00a0turismo \u2013 affari \u2013 studio \u2013 gara sportiva \u2013 missione<\/strong><\/b><b><strong>. I cittadini albanesi in possesso del nuovo\u00a0passaporto biometrico<\/strong><\/b><b><strong>\u00a0in corso di validit\u00e0 potranno, quindi, liberamente entrare ed uscire dal territorio Schengen con un periodo di permanenza massimo di 90 (novanta) giorni in un semestre che verranno calcolati sommando tutti i giorni di presenza nel territorio Schengen, anche non consecutivi; i sei mesi decorreranno dal momento del primo ingresso nel territorio Schengen.<\/strong><\/b><\/p>\n<p><b><strong>ATTENZIONE:<br \/>\n<\/strong><\/b><\/p>\n<ul style=\"font-weight: 400;\">\n<li><b><strong>il passaporto biometrico deve essere valido per almeno\u00a03 mesi dalla data prevista per\u00a0l&#8217;uscita dal territorio degli Stati dello Spazio Schengen e non deve essere stato rilasciato da pi\u00f9 di 10 anni.<br \/>\n<\/strong><\/b><\/li>\n<\/ul>\n<ul style=\"font-weight: 400;\">\n<li><b><strong>il cittadino albanese\u00a0<\/strong><\/b>che rimane nel territorio dei Paesi Schengen pi\u00f9 a lungo del periodo consentito (pi\u00f9 di 90 giorni in sei mesi), potr\u00e0 essere espulso (con conseguente divieto di reingresso).<\/li>\n<li>le\u00a0<b><strong>Autorit\u00e0 di Polizia<\/strong><\/b>\u00a0dei Paesi dell\u2019area Schengen conservano sempre il diritto di effettuare controlli, e qualsiasi cittadino straniero deve poter dimostrare, se richiesto, lo scopo e le condizioni del proprio soggiorno (tramite ad esempio prenotazioni alberghiere e\/o biglietti di ritorno) e di disporre di mezzi finanziari sufficienti in relazione alla natura, alla durata prevista del soggiorno e per il ritorno nel Paese di provenienza. La decisione finale sull\u2019ingresso dei cittadini stranieri nello spazio Schengen resta sempre di competenza della Polizia di Frontiera, che pu\u00f2 respingere il cittadino straniero (di qualsiasi nazionalit\u00e0) che non sia in grado di dimostrare quanto sopra.<\/li>\n<\/ul>\n<p style=\"font-weight: 400;\"><b><strong>VISTI DI LUNGA DURATA (VISTI NAZIONALI O DI TIPO D)<\/strong><\/b><\/p>\n<p><b><strong>Rimane inalterata la normativa riguardante i visti di lunga durata (visti nazionali o di tipo D). Il visto per l\u2019ingresso in Italia \u00e8, quindi, necessario per le seguenti tipologie:<\/strong><\/b><\/p>\n<p><b><strong>&#8211;\u00a0visto per studio\/universit\u00e0<br \/>\n<\/strong><\/b><b><strong>&#8211; visto\u00a0per studio\/tirocinio\u00a0e studio\/formazione per periodi di studio superiori a 90 giorni;<br \/>\n<\/strong><\/b><b><strong>&#8211;\u00a0visto per lavoro subordinato;<br \/>\n<\/strong><\/b><b><strong>&#8211;\u00a0visto per ricongiungimento familiare;<br \/>\n<\/strong><\/b><b><strong>&#8211;\u00a0visto per cure mediche.<\/strong><\/b><\/p>\n<p>&nbsp;<\/p>\n<p style=\"font-weight: 400;\"><b><strong>Cliccando sui seguenti link \u00e8 disponibile, per ogni tipologia di visto, un elenco della documentazione necessaria per la presentazione della domanda di visto d\u2019ingresso:<\/strong><\/b><\/p>\n<p>&nbsp;<\/p>\n<ul style=\"font-weight: 400;\">\n<li><a href=\"https:\/\/consvalona.esteri.it\/wp-content\/uploads\/2023\/06\/47855_f_cons57curemediche1.doc\">Cure mediche<\/a><\/li>\n<li><a href=\"https:\/\/consvalona.esteri.it\/wp-content\/uploads\/2023\/06\/47856_f_cons57ricongiungimentofamiliarealbanese1.doc\">Visto per ricongiungimento familiare con cittadini albanesi regolarmente residenti in Italia<\/a><\/li>\n<li><a href=\"https:\/\/consvalona.esteri.it\/wp-content\/uploads\/2024\/10\/visto-ricongiungimento-familiare-con-cittadino-italiano-EU.docx\">Visto per ricongiungimento familiare con cittadini italiani e dell\u2019Unione Europea stabilmente residenti in Italia<\/a><\/li>\n<li><a href=\"https:\/\/consvalona.esteri.it\/wp-content\/uploads\/2023\/06\/47837_f_cons57studio.doc\">Visto per studio<\/a><\/li>\n<li><a href=\"https:\/\/consvalona.esteri.it\/wp-content\/uploads\/2025\/06\/visto_studio_universitario.pdf\">Visto per studio universitario<\/a><\/li>\n<li><a href=\"https:\/\/consvalona.esteri.it\/wp-content\/uploads\/2023\/06\/47839_f_cons57lavorosubordinato.doc\">Visto per lavoro subordinato<\/a><\/li>\n<\/ul>\n<p><b><strong>SISTEMA DI PAGAMENTO DEI SERVIZI OFFERTI DAL CONSOLATO<\/strong><\/b><\/p>\n<p>Gli utenti devono effettuare il pagamento delle percezioni per il visto d\u2019ingresso sulla base delle indicazioni ricevute allo sportello visti del Consolato Generale al momento della presentazione della domanda.<\/p>\n<p>L\u2019utente, al momento della presentazione della documentazione presso l\u2019ufficio visti, riceve dal personale addetto l\u2019indicazione della somma da pagare: tale importo deve essere versato presso Intesa SanPaolo Bank di Valona, entro le ore 12.00 dello stesso giorno di presentazione della domanda al Consolato Generale.<\/p>\n<p>Tale modalit\u00e0 si uniforma al servizio previsto presso gli Uffici consolari di Tirana e\u00a0Scutari, offre alcune facilitazioni all\u2019utente (cambio valuta ecc.) e garantisce la massima efficienza dell\u2019ufficio visti.<\/p>\n<p><b><strong>SISTEMA DI CONSEGNA DEI PASSAPORTI E DOCUMENTI<\/strong><\/b><\/p>\n<p>Grazie ad una convenzione con l\u2019agenzia di corriere Union Ekspres, in conformit\u00e0 agli uffici consolari di Tirana e Scutari, anche gli utenti del Consolato Generale\u00a0d\u2019Italia a\u00a0Valona possono scegliere di ritirare comodamente presso uno degli uffici di tale agenzia i documenti e\/o i passaporti consegnati presso\u00a0la Sede\u00a0al momento della presentazione della domanda per visto d\u2019ingresso.<\/p>\n<p>Dietro pagamento di una somma di 300 lek\u00eb per il ritiro a Valona, ovvero di 480 lek\u00eb per il ritiro fuori Valona, gli utenti potranno quindi ritirare i propri documenti e\/o passaporto, con vantaggi evidenti di comodit\u00e0 ed efficienza.<\/p>\n","protected":false},"excerpt":{"rendered":"A\u00a0partire dal 25 settembre 2014 l\u2019Ufficio visti del Consolato Generale d\u2019Italia \u00e8 collegato al VIS. &nbsp; Al seguente link\u00a0I VISTI PER ENTRARE IN ITALIA\u00a0sono disponibili informazioni sulle modalit\u00e0 e sui documenti necessari per richiedere il visto d\u2019ingresso in Italia. Orario di apertura al pubblico e modalit\u00e0 di prenotazione degli appuntamenti Lo sportello visti presso il [&hellip;]","protected":false},"author":1,"featured_media":0,"parent":62,"menu_order":0,"comment_status":"closed","ping_status":"closed","template":"","meta":{"footnotes":""},"class_list":["post-95","page","type-page","status-publish","hentry"],"_links":{"self":[{"href":"https:\/\/consvalona.esteri.it\/it\/wp-json\/wp\/v2\/pages\/95","targetHints":{"allow":["GET"]}}],"collection":[{"href":"https:\/\/consvalona.esteri.it\/it\/wp-json\/wp\/v2\/pages"}],"about":[{"href":"https:\/\/consvalona.esteri.it\/it\/wp-json\/wp\/v2\/types\/page"}],"author":[{"embeddable":true,"href":"https:\/\/consvalona.esteri.it\/it\/wp-json\/wp\/v2\/users\/1"}],"replies":[{"embeddable":true,"href":"https:\/\/consvalona.esteri.it\/it\/wp-json\/wp\/v2\/comments?post=95"}],"version-history":[{"count":6,"href":"https:\/\/consvalona.esteri.it\/it\/wp-json\/wp\/v2\/pages\/95\/revisions"}],"predecessor-version":[{"id":1746,"href":"https:\/\/consvalona.esteri.it\/it\/wp-json\/wp\/v2\/pages\/95\/revisions\/1746"}],"up":[{"embeddable":true,"href":"https:\/\/consvalona.esteri.it\/it\/wp-json\/wp\/v2\/pages\/62"}],"wp:attachment":[{"href":"https:\/\/consvalona.esteri.it\/it\/wp-json\/wp\/v2\/media?parent=95"}],"curies":[{"name":"wp","href":"https:\/\/api.w.org\/{rel}","templated":true}]}}