{"id":1290,"date":"2023-07-10T13:15:23","date_gmt":"2023-07-10T11:15:23","guid":{"rendered":"https:\/\/consvalona.esteri.it\/?page_id=1290"},"modified":"2024-10-16T13:55:52","modified_gmt":"2024-10-16T11:55:52","slug":"mesazh-i-konsullit-te-pergjithshem","status":"publish","type":"page","link":"https:\/\/consvalona.esteri.it\/sq\/chi-siamo\/il-console-generale\/mesazh-i-konsullit-te-pergjithshem\/","title":{"rendered":"Mesazh i Konsullit t\u00eb P\u00ebrgjithsh\u00ebm"},"content":{"rendered":"<p>T\u00eb dashur bashk\u00ebkombas,<\/p>\n<p>T\u00eb dashur shqiptar\u00eb,<\/p>\n<p>Konsullata e P\u00ebrgjithshme e Italis\u00eb do t\u00eb mund t\u00eb jet\u00eb nj\u00eb pik\u00eb referimi n\u00eb qarkun e Vlor\u00ebs, si per ata shtetas italian\u00eb q\u00eb gjenden n\u00eb k\u00ebt\u00eb territor konsullor po ashtu edhe p\u00ebr miqt\u00eb shqiptar\u00eb q\u00eb p\u00ebr motive studimi apo pune d\u00ebshirojn\u00eb t\u00eb vendosen, qoft\u00eb edhe p\u00ebrkoh\u00ebsisht, n\u00eb Itali.<\/p>\n<p>N\u00ebn koordinimin e Ambasad\u00ebs son\u00eb n\u00eb Tiran\u00eb, Konsullata e P\u00ebrgjithshme e Italis\u00eb n\u00eb Vlor\u00eb do t\u00eb vazhdoj\u00eb t\u00eb jet\u00eb ur\u00eb lidh\u00ebse mes Italis\u00eb dhe Shqip\u00ebris\u00eb, duke v\u00ebn\u00eb theksin m\u00eb tep\u00ebr te sh\u00ebrbimet dhe mund\u00ebsit\u00eb p\u00ebr komunitetin dhe duke kontribuar n\u00eb promovimin e Italis\u00eb dhe trashgimis\u00eb s\u00eb saj kulturore.<\/p>\n<p>Shfletim t\u00eb mbar\u00eb!<\/p>\n<p>Konsulli i P\u00ebrgjithsh\u00ebm i Italis\u00eb<\/p>\n","protected":false},"excerpt":{"rendered":"T\u00eb dashur bashk\u00ebkombas, T\u00eb dashur shqiptar\u00eb, Konsullata e P\u00ebrgjithshme e Italis\u00eb do t\u00eb mund t\u00eb jet\u00eb nj\u00eb pik\u00eb referimi n\u00eb qarkun e Vlor\u00ebs, si per ata shtetas italian\u00eb q\u00eb gjenden n\u00eb k\u00ebt\u00eb territor konsullor po ashtu edhe p\u00ebr miqt\u00eb shqiptar\u00eb q\u00eb p\u00ebr motive studimi apo pune d\u00ebshirojn\u00eb t\u00eb vendosen, qoft\u00eb edhe p\u00ebrkoh\u00ebsisht, n\u00eb Itali. N\u00ebn [&hellip;]","protected":false},"author":4,"featured_media":0,"parent":166,"menu_order":4,"comment_status":"closed","ping_status":"closed","template":"","meta":{"footnotes":""},"class_list":["post-1290","page","type-page","status-publish","hentry"],"_links":{"self":[{"href":"https:\/\/consvalona.esteri.it\/sq\/wp-json\/wp\/v2\/pages\/1290","targetHints":{"allow":["GET"]}}],"collection":[{"href":"https:\/\/consvalona.esteri.it\/sq\/wp-json\/wp\/v2\/pages"}],"about":[{"href":"https:\/\/consvalona.esteri.it\/sq\/wp-json\/wp\/v2\/types\/page"}],"author":[{"embeddable":true,"href":"https:\/\/consvalona.esteri.it\/sq\/wp-json\/wp\/v2\/users\/4"}],"replies":[{"embeddable":true,"href":"https:\/\/consvalona.esteri.it\/sq\/wp-json\/wp\/v2\/comments?post=1290"}],"version-history":[{"count":1,"href":"https:\/\/consvalona.esteri.it\/sq\/wp-json\/wp\/v2\/pages\/1290\/revisions"}],"predecessor-version":[{"id":1292,"href":"https:\/\/consvalona.esteri.it\/sq\/wp-json\/wp\/v2\/pages\/1290\/revisions\/1292"}],"up":[{"embeddable":true,"href":"https:\/\/consvalona.esteri.it\/sq\/wp-json\/wp\/v2\/pages\/166"}],"wp:attachment":[{"href":"https:\/\/consvalona.esteri.it\/sq\/wp-json\/wp\/v2\/media?parent=1290"}],"curies":[{"name":"wp","href":"https:\/\/api.w.org\/{rel}","templated":true}]}}