{"id":1497,"date":"2023-10-03T15:45:27","date_gmt":"2023-10-03T13:45:27","guid":{"rendered":"https:\/\/consvalona.esteri.it\/?page_id=1497"},"modified":"2025-03-19T09:15:46","modified_gmt":"2025-03-19T08:15:46","slug":"ekuivalentimi-i-diplomave","status":"publish","type":"page","link":"https:\/\/consvalona.esteri.it\/sq\/servizi-consolari-e-visti\/servizi-per-il-cittadino-straniero\/ekuivalentimi-i-diplomave\/","title":{"rendered":"Ekuivalentimi i diplomave"},"content":{"rendered":"<p class=\"boxLevel03\">EKUIVALENTIMI I DIPLOMAVE<\/p>\n<p>Diplomat e huaja nuk njihen automatikisht n\u00eb Itali.<\/p>\n<p>Shtetasit e huaj t\u00eb interesuar p\u00ebr njohjen e diplomave t\u00eb l\u00ebshuara n\u00eb Shqip\u00ebri mund t\u2019u drejtohen drejtp\u00ebrdrejt Autoriteteve kompetente n\u00eb Itali (Ministrive, Universiteteve).<\/p>\n<p>P\u00ebr k\u00ebt\u00eb q\u00ebllim, Zyra konsullore l\u00ebshon Deklarat\u00ebn e Vlefshm\u00ebris\u00eb n\u00eb Shqip\u00ebri t\u00eb diplom\u00ebs. Informacioni p\u00ebrkat\u00ebs gjendet k\u00ebtu.<\/p>\n","protected":false},"excerpt":{"rendered":"EKUIVALENTIMI I DIPLOMAVE Diplomat e huaja nuk njihen automatikisht n\u00eb Itali. Shtetasit e huaj t\u00eb interesuar p\u00ebr njohjen e diplomave t\u00eb l\u00ebshuara n\u00eb Shqip\u00ebri mund t\u2019u drejtohen drejtp\u00ebrdrejt Autoriteteve kompetente n\u00eb Itali (Ministrive, Universiteteve). P\u00ebr k\u00ebt\u00eb q\u00ebllim, Zyra konsullore l\u00ebshon Deklarat\u00ebn e Vlefshm\u00ebris\u00eb n\u00eb Shqip\u00ebri t\u00eb diplom\u00ebs. Informacioni p\u00ebrkat\u00ebs gjendet k\u00ebtu.","protected":false},"author":4,"featured_media":0,"parent":246,"menu_order":53,"comment_status":"closed","ping_status":"closed","template":"","meta":{"footnotes":""},"class_list":["post-1497","page","type-page","status-publish","hentry"],"_links":{"self":[{"href":"https:\/\/consvalona.esteri.it\/sq\/wp-json\/wp\/v2\/pages\/1497","targetHints":{"allow":["GET"]}}],"collection":[{"href":"https:\/\/consvalona.esteri.it\/sq\/wp-json\/wp\/v2\/pages"}],"about":[{"href":"https:\/\/consvalona.esteri.it\/sq\/wp-json\/wp\/v2\/types\/page"}],"author":[{"embeddable":true,"href":"https:\/\/consvalona.esteri.it\/sq\/wp-json\/wp\/v2\/users\/4"}],"replies":[{"embeddable":true,"href":"https:\/\/consvalona.esteri.it\/sq\/wp-json\/wp\/v2\/comments?post=1497"}],"version-history":[{"count":1,"href":"https:\/\/consvalona.esteri.it\/sq\/wp-json\/wp\/v2\/pages\/1497\/revisions"}],"predecessor-version":[{"id":1500,"href":"https:\/\/consvalona.esteri.it\/sq\/wp-json\/wp\/v2\/pages\/1497\/revisions\/1500"}],"up":[{"embeddable":true,"href":"https:\/\/consvalona.esteri.it\/sq\/wp-json\/wp\/v2\/pages\/246"}],"wp:attachment":[{"href":"https:\/\/consvalona.esteri.it\/sq\/wp-json\/wp\/v2\/media?parent=1497"}],"curies":[{"name":"wp","href":"https:\/\/api.w.org\/{rel}","templated":true}]}}