{"id":165,"date":"2023-04-03T18:23:20","date_gmt":"2023-04-03T16:23:20","guid":{"rendered":"https:\/\/consvalona.esteri.it\/chi-siamo\/"},"modified":"2024-09-17T16:26:58","modified_gmt":"2024-09-17T14:26:58","slug":"chi-siamo","status":"publish","type":"page","link":"https:\/\/consvalona.esteri.it\/sq\/chi-siamo\/","title":{"rendered":"Kush jemi ne"},"content":{"rendered":"<p>Mir\u00eb se vini n\u00eb sitin e Konsullat\u00ebs s\u00eb P\u00ebrgjithshme t\u00eb Italis\u00eb n\u00eb Vlor\u00eb<\/p>\n<p><img loading=\"lazy\" decoding=\"async\" class=\"alignnone size-medium wp-image-360 img-fluid\" src=\"https:\/\/consvalona.esteri.it\/wp-content\/uploads\/2023\/09\/Foto-sede-300x208.jpg\" alt=\"Sede Consolato Generale\" width=\"300\" height=\"208\" srcset=\"https:\/\/consvalona.esteri.it\/wp-content\/uploads\/2023\/09\/Foto-sede-300x208.jpg 300w, https:\/\/consvalona.esteri.it\/wp-content\/uploads\/2023\/09\/Foto-sede-1024x709.jpg 1024w, https:\/\/consvalona.esteri.it\/wp-content\/uploads\/2023\/09\/Foto-sede-768x532.jpg 768w, https:\/\/consvalona.esteri.it\/wp-content\/uploads\/2023\/09\/Foto-sede.jpg 1920w\" sizes=\"auto, (max-width: 300px) 100vw, 300px\" \/><\/p>\n","protected":false},"excerpt":{"rendered":"Mir\u00eb se vini n\u00eb sitin e Konsullat\u00ebs s\u00eb P\u00ebrgjithshme t\u00eb Italis\u00eb n\u00eb Vlor\u00eb","protected":false},"author":1,"featured_media":0,"parent":0,"menu_order":2,"comment_status":"closed","ping_status":"closed","template":"","meta":{"footnotes":""},"class_list":["post-165","page","type-page","status-publish","hentry"],"_links":{"self":[{"href":"https:\/\/consvalona.esteri.it\/sq\/wp-json\/wp\/v2\/pages\/165","targetHints":{"allow":["GET"]}}],"collection":[{"href":"https:\/\/consvalona.esteri.it\/sq\/wp-json\/wp\/v2\/pages"}],"about":[{"href":"https:\/\/consvalona.esteri.it\/sq\/wp-json\/wp\/v2\/types\/page"}],"author":[{"embeddable":true,"href":"https:\/\/consvalona.esteri.it\/sq\/wp-json\/wp\/v2\/users\/1"}],"replies":[{"embeddable":true,"href":"https:\/\/consvalona.esteri.it\/sq\/wp-json\/wp\/v2\/comments?post=165"}],"version-history":[{"count":4,"href":"https:\/\/consvalona.esteri.it\/sq\/wp-json\/wp\/v2\/pages\/165\/revisions"}],"predecessor-version":[{"id":482,"href":"https:\/\/consvalona.esteri.it\/sq\/wp-json\/wp\/v2\/pages\/165\/revisions\/482"}],"wp:attachment":[{"href":"https:\/\/consvalona.esteri.it\/sq\/wp-json\/wp\/v2\/media?parent=165"}],"curies":[{"name":"wp","href":"https:\/\/api.w.org\/{rel}","templated":true}]}}