{"id":166,"date":"2023-04-03T19:15:16","date_gmt":"2023-04-03T17:15:16","guid":{"rendered":"https:\/\/consvalona.esteri.it\/chi-siamo\/il-console-generale\/"},"modified":"2024-09-19T15:51:16","modified_gmt":"2024-09-19T13:51:16","slug":"il-console-generale","status":"publish","type":"page","link":"https:\/\/consvalona.esteri.it\/sq\/chi-siamo\/il-console-generale\/","title":{"rendered":"Konsulli i P\u00ebrgjithsh\u00ebm"},"content":{"rendered":"<p>&nbsp;<\/p>\n<p>Konsulli i P\u00ebrgjithsh\u00ebm i Italis\u00eb n\u00eb Vlor\u00eb<\/p>\n<p>Achille Provenzano<\/p>\n<p>I diplomuar n\u00eb Shkenca Politike n\u00eb Universitetin e Kalabris\u00eb, merr detyr\u00eb n\u00eb rolet drejtuese t\u00eb Ministris\u00eb s\u00eb Pun\u00ebve t\u00eb Jashtme dhe t\u00eb Kooperimit Nd\u00ebrkomb\u00ebtar n\u00ebp\u00ebrmjet konkurimit n\u00eb Shkoll\u00ebn Komb\u00ebtare t\u00eb Administrat\u00ebs.<br \/>\nM\u00eb par\u00eb ka mbajtur detyr\u00ebn e K\u00ebshilltarit pran\u00eb Drejtoris\u00eb s\u00eb P\u00ebrgjithshme t\u00eb Bashkimit Evropian e m\u00eb pas detyr\u00ebn e Drejtuesit t\u00eb Zyr\u00ebs III t\u00eb Drejtoris\u00eb s\u00eb P\u00ebrgjithshme p\u00ebr Informatik\u00ebn dhe Komunikimin p\u00ebr Evrop\u00ebn Lindore, Lindjen e Mesme, Azin\u00eb dhe Oqeanin\u00eb pran\u00eb Ministris\u00eb s\u00eb Pun\u00ebve t\u00eb Jashme dhe Kooperimit Nd\u00ebrkomb\u00ebtar.<\/p>\n","protected":false},"excerpt":{"rendered":"&nbsp; Konsulli i P\u00ebrgjithsh\u00ebm i Italis\u00eb n\u00eb Vlor\u00eb Achille Provenzano I diplomuar n\u00eb Shkenca Politike n\u00eb Universitetin e Kalabris\u00eb, merr detyr\u00eb n\u00eb rolet drejtuese t\u00eb Ministris\u00eb s\u00eb Pun\u00ebve t\u00eb Jashtme dhe t\u00eb Kooperimit Nd\u00ebrkomb\u00ebtar n\u00ebp\u00ebrmjet konkurimit n\u00eb Shkoll\u00ebn Komb\u00ebtare t\u00eb Administrat\u00ebs. M\u00eb par\u00eb ka mbajtur detyr\u00ebn e K\u00ebshilltarit pran\u00eb Drejtoris\u00eb s\u00eb P\u00ebrgjithshme t\u00eb Bashkimit Evropian [&hellip;]","protected":false},"author":1,"featured_media":0,"parent":165,"menu_order":0,"comment_status":"closed","ping_status":"closed","template":"","meta":{"footnotes":""},"class_list":["post-166","page","type-page","status-publish","hentry"],"_links":{"self":[{"href":"https:\/\/consvalona.esteri.it\/sq\/wp-json\/wp\/v2\/pages\/166","targetHints":{"allow":["GET"]}}],"collection":[{"href":"https:\/\/consvalona.esteri.it\/sq\/wp-json\/wp\/v2\/pages"}],"about":[{"href":"https:\/\/consvalona.esteri.it\/sq\/wp-json\/wp\/v2\/types\/page"}],"author":[{"embeddable":true,"href":"https:\/\/consvalona.esteri.it\/sq\/wp-json\/wp\/v2\/users\/1"}],"replies":[{"embeddable":true,"href":"https:\/\/consvalona.esteri.it\/sq\/wp-json\/wp\/v2\/comments?post=166"}],"version-history":[{"count":6,"href":"https:\/\/consvalona.esteri.it\/sq\/wp-json\/wp\/v2\/pages\/166\/revisions"}],"predecessor-version":[{"id":1259,"href":"https:\/\/consvalona.esteri.it\/sq\/wp-json\/wp\/v2\/pages\/166\/revisions\/1259"}],"up":[{"embeddable":true,"href":"https:\/\/consvalona.esteri.it\/sq\/wp-json\/wp\/v2\/pages\/165"}],"wp:attachment":[{"href":"https:\/\/consvalona.esteri.it\/sq\/wp-json\/wp\/v2\/media?parent=166"}],"curies":[{"name":"wp","href":"https:\/\/api.w.org\/{rel}","templated":true}]}}