{"id":167,"date":"2023-04-03T19:15:30","date_gmt":"2023-04-03T17:15:30","guid":{"rendered":"https:\/\/consvalona.esteri.it\/chi-siamo\/la-sede\/"},"modified":"2024-09-17T16:34:33","modified_gmt":"2024-09-17T14:34:33","slug":"la-sede","status":"publish","type":"page","link":"https:\/\/consvalona.esteri.it\/sq\/chi-siamo\/la-sede\/","title":{"rendered":"Shtabi"},"content":{"rendered":"<p>Selia e Konsullat\u00ebs s\u00eb P\u00ebrgjithshme t\u00eb Italis\u00eb n\u00eb Vlor\u00eb prej vitit 2016 gjendet n\u00eb Lungomare, qendra e re ekonomike dhe kulturore e qytetit. Godina \u00ebsht\u00eb nj\u00eb nd\u00ebrtes\u00eb n\u00ebnt\u00ebkat\u00ebshe ku Selia mbulon katin e tet\u00eb dhe t\u00eb n\u00ebnt\u00eb me nj\u00eb hyrje t\u00eb rezervuar dhe nj\u00eb ashensor panoramik t\u00eb dedikuar. Selia ka hap\u00ebsira t\u00eb bollshme p\u00ebr ekspozita, sall\u00ebn e konferecave dhe sall\u00ebn e pritjes p\u00ebr publikun, t\u00eb gjitha me pamje nga panorama e mrekullueshme e Gjirit t\u00eb Vlor\u00ebs.<\/p>\n<p><strong>Adresa<\/strong>: L. 10 Korriku, Rr. Murat T\u00ebrba\u00e7i, Vlor\u00eb (Shqip\u00ebri)<\/p>\n<p><strong>Tel:<\/strong> +355 (0) 33 225705\/7<\/p>\n<p><strong>e-mail Sekretaria:<\/strong> consolato.valona@esteri.it<\/p>\n<p><strong>e-mail Zyra e Vizave:<\/strong> visti.convalo@esteri.it<\/p>\n<p><strong>e-mail Zyra Konsullore:<\/strong> legalizzazione.valona@esteri.it<\/p>\n<p><strong>PEC:<\/strong> con.valona@cert.esteri.it<\/p>\n<p><strong>Numri i urgjenc\u00ebs p\u00ebr shtetasit italian\u00eb: +355 682027064<\/strong><br \/>\n<strong>(Vet\u00ebm p\u00ebr situata t\u00eb v\u00ebrtetuara t\u00eb urgjenc\u00ebs. Thirrjet p\u00ebr praktika konsullore t\u00eb zakonshme \u2013 pasaporta, viza, etj. \u2013 NUK do t\u00eb merren n\u00eb konsiderat\u00eb)<\/strong><\/p>\n<p><strong>Orari p\u00ebr pritjen e publikut: <\/strong><span style=\"text-decoration: underline;\"><em>nga e h\u00ebna n\u00eb t\u00eb premte, nga ora 09.00 deri n\u00eb or\u00ebn 12.00<\/em><\/span><\/p>\n<p><strong>Qarku territorial i kompetenc\u00ebs: <\/strong><em>Qarqet Berat, Delvin\u00eb, Fier, Gjirokast\u00ebr, Ku\u00e7ov\u00eb, Lushnj\u00eb, Mallakast\u00ebr, P\u00ebrmet, Sarand\u00eb, Skrapar, Tepelen\u00eb, Vlor\u00eb.<\/em><\/p>\n","protected":false},"excerpt":{"rendered":"Selia e Konsullat\u00ebs s\u00eb P\u00ebrgjithshme t\u00eb Italis\u00eb n\u00eb Vlor\u00eb prej vitit 2016 gjendet n\u00eb Lungomare, qendra e re ekonomike dhe kulturore e qytetit. Godina \u00ebsht\u00eb nj\u00eb nd\u00ebrtes\u00eb n\u00ebnt\u00ebkat\u00ebshe ku Selia mbulon katin e tet\u00eb dhe t\u00eb n\u00ebnt\u00eb me nj\u00eb hyrje t\u00eb rezervuar dhe nj\u00eb ashensor panoramik t\u00eb dedikuar. Selia ka hap\u00ebsira t\u00eb bollshme p\u00ebr ekspozita, [&hellip;]","protected":false},"author":1,"featured_media":0,"parent":165,"menu_order":2,"comment_status":"closed","ping_status":"closed","template":"","meta":{"footnotes":""},"class_list":["post-167","page","type-page","status-publish","hentry"],"_links":{"self":[{"href":"https:\/\/consvalona.esteri.it\/sq\/wp-json\/wp\/v2\/pages\/167","targetHints":{"allow":["GET"]}}],"collection":[{"href":"https:\/\/consvalona.esteri.it\/sq\/wp-json\/wp\/v2\/pages"}],"about":[{"href":"https:\/\/consvalona.esteri.it\/sq\/wp-json\/wp\/v2\/types\/page"}],"author":[{"embeddable":true,"href":"https:\/\/consvalona.esteri.it\/sq\/wp-json\/wp\/v2\/users\/1"}],"replies":[{"embeddable":true,"href":"https:\/\/consvalona.esteri.it\/sq\/wp-json\/wp\/v2\/comments?post=167"}],"version-history":[{"count":3,"href":"https:\/\/consvalona.esteri.it\/sq\/wp-json\/wp\/v2\/pages\/167\/revisions"}],"predecessor-version":[{"id":1224,"href":"https:\/\/consvalona.esteri.it\/sq\/wp-json\/wp\/v2\/pages\/167\/revisions\/1224"}],"up":[{"embeddable":true,"href":"https:\/\/consvalona.esteri.it\/sq\/wp-json\/wp\/v2\/pages\/165"}],"wp:attachment":[{"href":"https:\/\/consvalona.esteri.it\/sq\/wp-json\/wp\/v2\/media?parent=167"}],"curies":[{"name":"wp","href":"https:\/\/api.w.org\/{rel}","templated":true}]}}