{"id":169,"date":"2023-04-03T19:15:59","date_gmt":"2023-04-03T17:15:59","guid":{"rendered":"https:\/\/consvalona.esteri.it\/chi-siamo\/contatti\/"},"modified":"2024-09-17T17:03:32","modified_gmt":"2024-09-17T15:03:32","slug":"contatti","status":"publish","type":"page","link":"https:\/\/consvalona.esteri.it\/sq\/chi-siamo\/contatti\/","title":{"rendered":"Kontaktet"},"content":{"rendered":"<h3>Konsullata e P\u00ebrgjithshme e Italis\u00eb n\u00eb Vlor\u00eb<\/h3>\n<p>Adresa: L. 10 Korriku, Rr. Murat T\u00ebrba\u00e7i, Valona<\/p>\n<p>Tel:\u00a0 +355 33 225705\/7<\/p>\n<p>e-mail Sekretaria: <a href=\"mailto:consolato.valona@esteri.it\">consolato.valona@esteri.it<\/a><\/p>\n<p>PEC: con.valona@cert.esteri.it<\/p>\n<p>Numri i urgjencave, vet\u00ebm p\u00ebr shtetasit italian\u00eb: +355 682027064<\/p>\n","protected":false},"excerpt":{"rendered":"Konsullata e P\u00ebrgjithshme e Italis\u00eb n\u00eb Vlor\u00eb Adresa: L. 10 Korriku, Rr. Murat T\u00ebrba\u00e7i, Valona Tel:\u00a0 +355 33 225705\/7 e-mail Sekretaria: consolato.valona@esteri.it PEC: con.valona@cert.esteri.it Numri i urgjencave, vet\u00ebm p\u00ebr shtetasit italian\u00eb: +355 682027064","protected":false},"author":1,"featured_media":0,"parent":165,"menu_order":8,"comment_status":"closed","ping_status":"closed","template":"","meta":{"footnotes":""},"class_list":["post-169","page","type-page","status-publish","hentry"],"_links":{"self":[{"href":"https:\/\/consvalona.esteri.it\/sq\/wp-json\/wp\/v2\/pages\/169","targetHints":{"allow":["GET"]}}],"collection":[{"href":"https:\/\/consvalona.esteri.it\/sq\/wp-json\/wp\/v2\/pages"}],"about":[{"href":"https:\/\/consvalona.esteri.it\/sq\/wp-json\/wp\/v2\/types\/page"}],"author":[{"embeddable":true,"href":"https:\/\/consvalona.esteri.it\/sq\/wp-json\/wp\/v2\/users\/1"}],"replies":[{"embeddable":true,"href":"https:\/\/consvalona.esteri.it\/sq\/wp-json\/wp\/v2\/comments?post=169"}],"version-history":[{"count":2,"href":"https:\/\/consvalona.esteri.it\/sq\/wp-json\/wp\/v2\/pages\/169\/revisions"}],"predecessor-version":[{"id":1240,"href":"https:\/\/consvalona.esteri.it\/sq\/wp-json\/wp\/v2\/pages\/169\/revisions\/1240"}],"up":[{"embeddable":true,"href":"https:\/\/consvalona.esteri.it\/sq\/wp-json\/wp\/v2\/pages\/165"}],"wp:attachment":[{"href":"https:\/\/consvalona.esteri.it\/sq\/wp-json\/wp\/v2\/media?parent=169"}],"curies":[{"name":"wp","href":"https:\/\/api.w.org\/{rel}","templated":true}]}}