{"id":176,"date":"2023-04-03T19:16:29","date_gmt":"2023-04-03T17:16:29","guid":{"rendered":"https:\/\/consvalona.esteri.it\/chi-siamo\/la-rete-consolare\/"},"modified":"2024-09-17T17:15:00","modified_gmt":"2024-09-17T15:15:00","slug":"la-rete-consolare","status":"publish","type":"page","link":"https:\/\/consvalona.esteri.it\/sq\/chi-siamo\/la-rete-consolare\/","title":{"rendered":"Rrjeti Konsullor"},"content":{"rendered":"<p><img loading=\"lazy\" decoding=\"async\" class=\"alignnone size-medium wp-image-119 img-fluid\" src=\"https:\/\/consvalona.esteri.it\/wp-content\/uploads\/2023\/06\/7603_f_cons57circoscrizione_valona8-154x300.jpg\" alt=\"7603_f_cons57circoscrizione_valona8\" width=\"154\" height=\"300\" srcset=\"https:\/\/consvalona.esteri.it\/wp-content\/uploads\/2023\/06\/7603_f_cons57circoscrizione_valona8-154x300.jpg 154w, https:\/\/consvalona.esteri.it\/wp-content\/uploads\/2023\/06\/7603_f_cons57circoscrizione_valona8.jpg 250w\" sizes=\"auto, (max-width: 154px) 100vw, 154px\" \/><\/p>\n<p>&nbsp;<\/p>\n<p><strong>KONSULLATA E P\u00cbRGJITHSHME E ITALIS\u00cb N\u00cb VLOR\u00cb<\/strong><\/p>\n<p><strong>Konsull i P\u00ebrgjithsh\u00ebm<br \/>\nAchille Provenzano<\/strong><\/p>\n<p>Adresa: L. 10 Korriku, Rr. Murat T\u00ebrba\u00e7i<\/p>\n<p>Tel:\u00a0 +355\u00a033 225705\/7<\/p>\n<p>e-mail Sekretaria: <a href=\"mailto:consolato.valona@esteri.it\">consolato.valona@esteri.it<\/a><br \/>\ne-mail Zyra e Vizave: <a href=\"mailto:visti.convalo@esteri.it\">visti.convalo@esteri.it<\/a><br \/>\ne-mail Zyra Konsullore: <a href=\"mailto:legalizzazione.valona@esteri.it\">legalizzazione.valona@esteri.it<\/a><\/p>\n<p>Pec:\u00a0<a href=\"mailto:con.valona@cert.esteri.it\">con.valona@cert.esteri.it<\/a><\/p>\n<p>Numri i urgjencave, vet\u00ebm p\u00ebr shtetasit italian\u00eb: +355 682027064<\/p>\n<p>Orari i pritjes p\u00ebr publikun:<br \/>\nnga e h\u00ebna n\u00eb t\u00eb premte, 09.00 &#8211; 12.00.<\/p>\n<p>&nbsp;<\/p>\n<p><strong>KONSULLATA E NDERIT E ITALIS\u00cb N\u00cb GJIROKAST\u00cbR<\/strong><\/p>\n<p><strong>Konsulli i Nderit<\/strong><br \/>\n<strong>Prof. Teodor Bilushi<\/strong><br \/>\nAdresa:Rr. Lagija Varosh, n. 92, Gjirokast\u00ebr<br \/>\nCel: +355 684023608<br \/>\ne-mail:\u00a0<a href=\"mailto:argirocastro.onorario@esteri.it\">argirocastro.onorario@esteri.it<\/a><\/p>\n<p>&nbsp;<\/p>\n<p><strong>KORRESPONDENTI KONSULLOR I ITALIS\u00cb N\u00cb BERAT <\/strong><\/p>\n<p><strong>Prof. Vladimir \u00c7ela<\/strong><br \/>\nAdresa: L.D\u00ebshmor\u00ebt e Kombit, P.Konuda, Berat<br \/>\nCel: +355 672009503<br \/>\ne-mail:\u00a0<a href=\"mailto:celavladimir@yahoo.com\">celavladimir@yahoo.com<\/a><\/p>\n<p><strong>AMBASADA E ITALIS\u00cb N\u00cb TIRAN\u00cb<\/strong><\/p>\n<p align=\"justify\"><strong>Drejtues i Kancelaris\u00eb Konsullore<\/strong><\/p>\n<p align=\"justify\">Sekretar i Par\u00eb <strong>Giacomo MONTEMARANI<\/strong><\/p>\n<p>Rr. Papa Gjon Pali II, N. 2<br \/>\nTel.: +355 042275900<\/p>\n<p><a href=\"http:\/\/www.ambtirana.esteri.it\/\">www.ambtirana.esteri.it<\/a><\/p>\n<p>PEC:<a href=\"mailto:amb.tirana.consolare@cert.esteri.it\">amb.tirana.consolare@cert.esteri.it<\/a><\/p>\n<p>Numri n\u00eb rastet e Emergjenc\u00ebs p\u00ebr Bashkatdhetar\u00ebt: +355 4 275900<\/p>\n<p>Orari i hapjes p\u00ebr publikun: e h\u00ebn\u00eb \u2013 e premte, prej or\u00ebs 9.00 deri n\u00eb or\u00ebn 12.30.<\/p>\n<p>&nbsp;<\/p>\n","protected":false},"excerpt":{"rendered":"&nbsp; KONSULLATA E P\u00cbRGJITHSHME E ITALIS\u00cb N\u00cb VLOR\u00cb Konsull i P\u00ebrgjithsh\u00ebm Achille Provenzano Adresa: L. 10 Korriku, Rr. Murat T\u00ebrba\u00e7i Tel:\u00a0 +355\u00a033 225705\/7 e-mail Sekretaria: consolato.valona@esteri.it e-mail Zyra e Vizave: visti.convalo@esteri.it e-mail Zyra Konsullore: legalizzazione.valona@esteri.it Pec:\u00a0con.valona@cert.esteri.it Numri i urgjencave, vet\u00ebm p\u00ebr shtetasit italian\u00eb: +355 682027064 Orari i pritjes p\u00ebr publikun: nga e h\u00ebna n\u00eb t\u00eb [&hellip;]","protected":false},"author":1,"featured_media":0,"parent":165,"menu_order":12,"comment_status":"closed","ping_status":"closed","template":"","meta":{"footnotes":""},"class_list":["post-176","page","type-page","status-publish","hentry"],"_links":{"self":[{"href":"https:\/\/consvalona.esteri.it\/sq\/wp-json\/wp\/v2\/pages\/176","targetHints":{"allow":["GET"]}}],"collection":[{"href":"https:\/\/consvalona.esteri.it\/sq\/wp-json\/wp\/v2\/pages"}],"about":[{"href":"https:\/\/consvalona.esteri.it\/sq\/wp-json\/wp\/v2\/types\/page"}],"author":[{"embeddable":true,"href":"https:\/\/consvalona.esteri.it\/sq\/wp-json\/wp\/v2\/users\/1"}],"replies":[{"embeddable":true,"href":"https:\/\/consvalona.esteri.it\/sq\/wp-json\/wp\/v2\/comments?post=176"}],"version-history":[{"count":6,"href":"https:\/\/consvalona.esteri.it\/sq\/wp-json\/wp\/v2\/pages\/176\/revisions"}],"predecessor-version":[{"id":1254,"href":"https:\/\/consvalona.esteri.it\/sq\/wp-json\/wp\/v2\/pages\/176\/revisions\/1254"}],"up":[{"embeddable":true,"href":"https:\/\/consvalona.esteri.it\/sq\/wp-json\/wp\/v2\/pages\/165"}],"wp:attachment":[{"href":"https:\/\/consvalona.esteri.it\/sq\/wp-json\/wp\/v2\/media?parent=176"}],"curies":[{"name":"wp","href":"https:\/\/api.w.org\/{rel}","templated":true}]}}