{"id":196,"date":"2023-04-03T18:24:11","date_gmt":"2023-04-03T16:24:11","guid":{"rendered":"https:\/\/consvalona.esteri.it\/servizi-consolari-e-visti\/"},"modified":"2024-10-16T12:44:48","modified_gmt":"2024-10-16T10:44:48","slug":"servizi-consolari-e-visti","status":"publish","type":"page","link":"https:\/\/consvalona.esteri.it\/sq\/servizi-consolari-e-visti\/","title":{"rendered":"Sh\u00ebrbimet Konsullore dhe Vizat"},"content":{"rendered":"<p>Informacionet e p\u00ebrdit\u00ebsuara mbi sh\u00ebrbimet kryesore t\u00eb ofruara nga rrjeti diplonatik konsullor jan\u00eb t\u00eb disponueshme n\u00eb faqen web t\u00eb Ministris\u00eb s\u00eb Pun\u00ebve t\u00eb Jashtme dhe Kooperimit Nd\u00ebrkomb\u00ebtar n\u00eb seksionin <a href=\"https:\/\/www.esteri.it\/it\/servizi-consolari-e-visti\/\">SERVIZI CONSOLARI<\/a><\/p>\n<p>Informacione t\u00eb tjera dhe lidhje t\u00eb dobishme:<\/p>\n<p><a href=\"https:\/\/consvalona.esteri.it\/sq\/servizi-consolari-e-visti\/servizi-per-il-cittadino-italiano\/traduzione-e-legalizzazione-dei-documenti\/\"><strong>P\u00ebrkthimi dhe legalizimi i dokumentave<\/strong><\/a><\/p>\n<p>&nbsp;<\/p>\n<p>Si ricorda che i cittadini italiani all\u2019estero hanno diritto ad ottenere le prestazioni secondo principi di eguaglianza, imparzialit\u00e0, efficienza e trasparenza. Anche i cittadini degli Stati membri dell\u2019Unione Europea hanno diritto ad essere tutelati dal Consolato Generale d\u2019Italia a Valona se nella circoscrizione consolare non \u00e8 presente una Rappresentanza del loro Paese.<\/p>\n<p>Per contatti: Ufficio Consolare:\u00a0\u00a0 <a href=\"mailto:legalizzazione.valona@esteri.it\">legalizzazione.valona@esteri.it<\/a><\/p>\n<p>&nbsp;<\/p>\n<p>Guida fiscale per i residenti all\u2019estero da consultare sul sito:<\/p>\n<p><a href=\"http:\/\/www.agenziaentrate.gov.it\">http:\/\/www.agenziaentrate.gov.it<\/a><\/p>\n","protected":false},"excerpt":{"rendered":"Informacionet e p\u00ebrdit\u00ebsuara mbi sh\u00ebrbimet kryesore t\u00eb ofruara nga rrjeti diplonatik konsullor jan\u00eb t\u00eb disponueshme n\u00eb faqen web t\u00eb Ministris\u00eb s\u00eb Pun\u00ebve t\u00eb Jashtme dhe Kooperimit Nd\u00ebrkomb\u00ebtar n\u00eb seksionin SERVIZI CONSOLARI Informacione t\u00eb tjera dhe lidhje t\u00eb dobishme: P\u00ebrkthimi dhe legalizimi i dokumentave &nbsp; Si ricorda che i cittadini italiani all\u2019estero hanno diritto ad ottenere [&hellip;]","protected":false},"author":1,"featured_media":0,"parent":0,"menu_order":6,"comment_status":"closed","ping_status":"closed","template":"","meta":{"footnotes":""},"class_list":["post-196","page","type-page","status-publish","hentry"],"_links":{"self":[{"href":"https:\/\/consvalona.esteri.it\/sq\/wp-json\/wp\/v2\/pages\/196","targetHints":{"allow":["GET"]}}],"collection":[{"href":"https:\/\/consvalona.esteri.it\/sq\/wp-json\/wp\/v2\/pages"}],"about":[{"href":"https:\/\/consvalona.esteri.it\/sq\/wp-json\/wp\/v2\/types\/page"}],"author":[{"embeddable":true,"href":"https:\/\/consvalona.esteri.it\/sq\/wp-json\/wp\/v2\/users\/1"}],"replies":[{"embeddable":true,"href":"https:\/\/consvalona.esteri.it\/sq\/wp-json\/wp\/v2\/comments?post=196"}],"version-history":[{"count":4,"href":"https:\/\/consvalona.esteri.it\/sq\/wp-json\/wp\/v2\/pages\/196\/revisions"}],"predecessor-version":[{"id":1287,"href":"https:\/\/consvalona.esteri.it\/sq\/wp-json\/wp\/v2\/pages\/196\/revisions\/1287"}],"wp:attachment":[{"href":"https:\/\/consvalona.esteri.it\/sq\/wp-json\/wp\/v2\/media?parent=196"}],"curies":[{"name":"wp","href":"https:\/\/api.w.org\/{rel}","templated":true}]}}